{"id":796,"date":"2020-09-01T13:09:09","date_gmt":"2020-09-01T13:09:09","guid":{"rendered":"https:\/\/itechwords.com\/?page_id=796"},"modified":"2020-10-05T15:20:55","modified_gmt":"2020-10-05T15:20:55","slug":"itechwords-empresa-de-traducao","status":"publish","type":"page","link":"https:\/\/itechwords.com\/es\/","title":{"rendered":"iTechWords &#8211; Empresa de traducci\u00f3n"},"content":{"rendered":"<p>Empresa de traducci\u00f3n, revisi\u00f3n, subtitulado, locuci\u00f3n, localizaci\u00f3n e interpretaci\u00f3n, con traductores de idiomas en Lisboa, Portugal. M\u00e1s de 20 a\u00f1os de experiencia prestando <a href=\"https:\/\/itechwords.com\/es\/servicios\/\">servicios ling\u00fc\u00edsticos<\/a> a empresas de las <a href=\"https:\/\/itechwords.com\/es\/industrias\/\">industrias<\/a> m\u00e1s importantes de la econom\u00eda mundial.<\/p>\n","protected":false},"excerpt":{"rendered":"<p>Empresa de traducci\u00f3n, revisi\u00f3n, subtitulado, locuci\u00f3n, localizaci\u00f3n e interpretaci\u00f3n, con traductores de idiomas en Lisboa, Portugal. M\u00e1s de 20 a\u00f1os de experiencia prestando servicios ling\u00fc\u00edsticos a empresas de las industrias m\u00e1s importantes de la econom\u00eda mundial.<\/p>\n","protected":false},"author":1,"featured_media":0,"parent":0,"menu_order":0,"comment_status":"closed","ping_status":"closed","template":"page-templates\/homepage.php","meta":[],"tags":[],"_links":{"self":[{"href":"https:\/\/itechwords.com\/es\/wp-json\/wp\/v2\/pages\/796"}],"collection":[{"href":"https:\/\/itechwords.com\/es\/wp-json\/wp\/v2\/pages"}],"about":[{"href":"https:\/\/itechwords.com\/es\/wp-json\/wp\/v2\/types\/page"}],"author":[{"embeddable":true,"href":"https:\/\/itechwords.com\/es\/wp-json\/wp\/v2\/users\/1"}],"replies":[{"embeddable":true,"href":"https:\/\/itechwords.com\/es\/wp-json\/wp\/v2\/comments?post=796"}],"version-history":[{"count":1,"href":"https:\/\/itechwords.com\/es\/wp-json\/wp\/v2\/pages\/796\/revisions"}],"predecessor-version":[{"id":2064,"href":"https:\/\/itechwords.com\/es\/wp-json\/wp\/v2\/pages\/796\/revisions\/2064"}],"wp:attachment":[{"href":"https:\/\/itechwords.com\/es\/wp-json\/wp\/v2\/media?parent=796"}],"wp:term":[{"taxonomy":"post_tag","embeddable":true,"href":"https:\/\/itechwords.com\/es\/wp-json\/wp\/v2\/tags?post=796"}],"curies":[{"name":"wp","href":"https:\/\/api.w.org\/{rel}","templated":true}]}}