{"id":1333,"date":"2020-09-22T00:32:01","date_gmt":"2020-09-22T00:32:01","guid":{"rendered":"https:\/\/itechwords.com\/?page_id=1333"},"modified":"2020-09-22T14:52:34","modified_gmt":"2020-09-22T14:52:34","slug":"traduction","status":"publish","type":"page","link":"https:\/\/itechwords.com\/fr\/services\/traduction\/","title":{"rendered":"Traduction"},"content":{"rendered":"<p>Nous traduisons des documents dans des dizaines de langues en faisant appel \u00e0 des traducteurs professionnels sp\u00e9cialis\u00e9s.<\/p>\n<p><!--more--><\/p>\n<p>Communiquer dans la langue de votre public cible de mani\u00e8re naturelle et fluide est indispensable pour obtenir les r\u00e9sultats escompt\u00e9s.<br \/>\nQuel que soit le projet, nous faisons toujours appel \u00e0 des traducteurs sp\u00e9cialis\u00e9s traduisant vers leur langue maternelle afin que les textes traduits soient naturels et adapt\u00e9s au domaine et aux objectifs souhait\u00e9s.<\/p>\n<hr \/>\n<h2>Points forts de notre service de traduction<\/h2>\n<ul>\n<li>Traductions de modes d\u2019emploi, communiqu\u00e9s de presse, catalogues de produits, fiches techniques, entre autres documents de communication ;<\/li>\n<li>Traducteurs sp\u00e9cialis\u00e9s traduisant uniquement vers leur langue maternelle ;<\/li>\n<li>Connaissances approfondies des diff\u00e9rentes industries ;<\/li>\n<li>Outils de traduction de pointe ;<\/li>\n<li>Coh\u00e9rence et rentabilit\u00e9 maximales assur\u00e9es pour chaque projet ;<\/li>\n<li>Respect des r\u00e8gles de r\u00e9daction technique sp\u00e9cifiques \u00e0 chaque industrie ;<\/li>\n<li>Respect des proc\u00e9dures pr\u00e9conis\u00e9es par la norme ISO 17100 ;<\/li>\n<li>Respect des d\u00e9lais de livraison des projets ;<\/li>\n<li>Respect du devis accept\u00e9 par le client.<\/li>\n<\/ul>\n","protected":false},"excerpt":{"rendered":"<p>Nous traduisons des documents dans des dizaines de langues en faisant appel \u00e0 des traducteurs professionnels sp\u00e9cialis\u00e9s.<\/p>\n","protected":false},"author":1,"featured_media":0,"parent":1330,"menu_order":0,"comment_status":"closed","ping_status":"closed","template":"","meta":[],"tags":[93],"_links":{"self":[{"href":"https:\/\/itechwords.com\/fr\/wp-json\/wp\/v2\/pages\/1333"}],"collection":[{"href":"https:\/\/itechwords.com\/fr\/wp-json\/wp\/v2\/pages"}],"about":[{"href":"https:\/\/itechwords.com\/fr\/wp-json\/wp\/v2\/types\/page"}],"author":[{"embeddable":true,"href":"https:\/\/itechwords.com\/fr\/wp-json\/wp\/v2\/users\/1"}],"replies":[{"embeddable":true,"href":"https:\/\/itechwords.com\/fr\/wp-json\/wp\/v2\/comments?post=1333"}],"version-history":[{"count":0,"href":"https:\/\/itechwords.com\/fr\/wp-json\/wp\/v2\/pages\/1333\/revisions"}],"up":[{"embeddable":true,"href":"https:\/\/itechwords.com\/fr\/wp-json\/wp\/v2\/pages\/1330"}],"wp:attachment":[{"href":"https:\/\/itechwords.com\/fr\/wp-json\/wp\/v2\/media?parent=1333"}],"wp:term":[{"taxonomy":"post_tag","embeddable":true,"href":"https:\/\/itechwords.com\/fr\/wp-json\/wp\/v2\/tags?post=1333"}],"curies":[{"name":"wp","href":"https:\/\/api.w.org\/{rel}","templated":true}]}}