{"id":1345,"date":"2020-09-22T00:36:48","date_gmt":"2020-09-22T00:36:48","guid":{"rendered":"https:\/\/itechwords.com\/?page_id=1345"},"modified":"2020-09-22T17:40:53","modified_gmt":"2020-09-22T17:40:53","slug":"interpretation","status":"publish","type":"page","link":"https:\/\/itechwords.com\/fr\/services\/interpretation\/","title":{"rendered":"Interpr\u00e9tation"},"content":{"rendered":"<p>Professionnels exp\u00e9riment\u00e9s pour conf\u00e9rences, r\u00e9unions ou conversations t\u00e9l\u00e9phoniques d\u2019affaires.<\/p>\n<p><!--more--><\/p>\n<p>Que ce soit pour une <strong>conf\u00e9rence<\/strong>, une <strong>r\u00e9union d\u2019entreprise<\/strong> ou une <strong>conversation t\u00e9l\u00e9phonique d\u2019affaires<\/strong>, nous disposons de professionnels exp\u00e9riment\u00e9s et qualifi\u00e9s qui assureront la communication entre les parties. Nous mettons \u00e9galement \u00e0 votre disposition tous les \u00e9quipements techniques n\u00e9cessaires au service d\u2019interpr\u00e9tation pour les \u00e9v\u00e8nements ou les conf\u00e9rences.<\/p>\n<hr \/>\n<h2>Points forts de notre service d\u2019interpr\u00e9tation<\/h2>\n<ul>\n<li>Vaste exp\u00e9rience dans l\u2019interpr\u00e9tation pour conf\u00e9rences, \u00e9v\u00e9nements d\u2019entreprise, r\u00e9unions de travail, visites \u00e0 des entreprises, etc. ;<\/li>\n<li>Portefeuille d\u2019interpr\u00e8tes exp\u00e9riment\u00e9s dans plusieurs langues ;<\/li>\n<li>Interpr\u00e8tes provenant d\u2019organisations internationales comme l\u2019UE, l\u2019ONU, l\u2019OTAN, etc. ;<\/li>\n<li>Mise \u00e0 disposition d\u2019\u00e9quipements techniques.<\/li>\n<\/ul>\n","protected":false},"excerpt":{"rendered":"<p>Professionnels exp\u00e9riment\u00e9s pour conf\u00e9rences, r\u00e9unions ou conversations t\u00e9l\u00e9phoniques d\u2019affaires.<\/p>\n","protected":false},"author":1,"featured_media":0,"parent":1330,"menu_order":2,"comment_status":"closed","ping_status":"closed","template":"","meta":[],"tags":[83],"_links":{"self":[{"href":"https:\/\/itechwords.com\/fr\/wp-json\/wp\/v2\/pages\/1345"}],"collection":[{"href":"https:\/\/itechwords.com\/fr\/wp-json\/wp\/v2\/pages"}],"about":[{"href":"https:\/\/itechwords.com\/fr\/wp-json\/wp\/v2\/types\/page"}],"author":[{"embeddable":true,"href":"https:\/\/itechwords.com\/fr\/wp-json\/wp\/v2\/users\/1"}],"replies":[{"embeddable":true,"href":"https:\/\/itechwords.com\/fr\/wp-json\/wp\/v2\/comments?post=1345"}],"version-history":[{"count":0,"href":"https:\/\/itechwords.com\/fr\/wp-json\/wp\/v2\/pages\/1345\/revisions"}],"up":[{"embeddable":true,"href":"https:\/\/itechwords.com\/fr\/wp-json\/wp\/v2\/pages\/1330"}],"wp:attachment":[{"href":"https:\/\/itechwords.com\/fr\/wp-json\/wp\/v2\/media?parent=1345"}],"wp:term":[{"taxonomy":"post_tag","embeddable":true,"href":"https:\/\/itechwords.com\/fr\/wp-json\/wp\/v2\/tags?post=1345"}],"curies":[{"name":"wp","href":"https:\/\/api.w.org\/{rel}","templated":true}]}}