{"id":1352,"date":"2020-09-22T00:39:15","date_gmt":"2020-09-22T00:39:15","guid":{"rendered":"https:\/\/itechwords.com\/?page_id=1352"},"modified":"2020-09-22T17:47:22","modified_gmt":"2020-09-22T17:47:22","slug":"localisation","status":"publish","type":"page","link":"https:\/\/itechwords.com\/fr\/services\/localisation\/","title":{"rendered":"Localisation"},"content":{"rendered":"<p>Localisation de pages Web, d\u2019applications mobiles, de jeux vid\u00e9o, de logiciels et de r\u00e9seaux sociaux.<\/p>\n<p><!--more--><\/p>\n<p>Si vous avez besoin de <strong>traduire les contenus de votre page Web<\/strong> ou d\u2019<strong>\u00e9largir l\u2019\u00e9ventail de langues de votre application ou de votre jeu vid\u00e9o<\/strong> avec un langage adapt\u00e9 \u00e0 la plateforme et au produit, la localisation est la solution id\u00e9ale.<\/p>\n<hr style=\"font-size: 16px; font-weight: 400;\" \/>\n<h2>Notre service de localisation\u00a0:<\/h2>\n<ul>\n<li>Localisation de pages Web, d\u2019applications mobiles, de jeux vid\u00e9o, de logiciels et de r\u00e9seaux sociaux ;<\/li>\n<li>Ma\u00eetrise des diff\u00e9rents r\u00e9seaux sociaux et plateformes de blog\u00a0;<\/li>\n<li>Adaptation des contenus aux diff\u00e9rentes plateformes ;<\/li>\n<li>Professionnels poss\u00e9dant une exp\u00e9rience sans l\u2019industrie des jeux vid\u00e9o.<\/li>\n<\/ul>\n","protected":false},"excerpt":{"rendered":"<p>Localisation de pages Web, d\u2019applications mobiles, de jeux vid\u00e9o, de logiciels et de r\u00e9seaux sociaux.<\/p>\n","protected":false},"author":1,"featured_media":0,"parent":1330,"menu_order":3,"comment_status":"closed","ping_status":"closed","template":"","meta":[],"tags":[87],"_links":{"self":[{"href":"https:\/\/itechwords.com\/fr\/wp-json\/wp\/v2\/pages\/1352"}],"collection":[{"href":"https:\/\/itechwords.com\/fr\/wp-json\/wp\/v2\/pages"}],"about":[{"href":"https:\/\/itechwords.com\/fr\/wp-json\/wp\/v2\/types\/page"}],"author":[{"embeddable":true,"href":"https:\/\/itechwords.com\/fr\/wp-json\/wp\/v2\/users\/1"}],"replies":[{"embeddable":true,"href":"https:\/\/itechwords.com\/fr\/wp-json\/wp\/v2\/comments?post=1352"}],"version-history":[{"count":0,"href":"https:\/\/itechwords.com\/fr\/wp-json\/wp\/v2\/pages\/1352\/revisions"}],"up":[{"embeddable":true,"href":"https:\/\/itechwords.com\/fr\/wp-json\/wp\/v2\/pages\/1330"}],"wp:attachment":[{"href":"https:\/\/itechwords.com\/fr\/wp-json\/wp\/v2\/media?parent=1352"}],"wp:term":[{"taxonomy":"post_tag","embeddable":true,"href":"https:\/\/itechwords.com\/fr\/wp-json\/wp\/v2\/tags?post=1352"}],"curies":[{"name":"wp","href":"https:\/\/api.w.org\/{rel}","templated":true}]}}