{"id":1358,"date":"2020-09-22T00:42:37","date_gmt":"2020-09-22T00:42:37","guid":{"rendered":"https:\/\/itechwords.com\/?page_id=1358"},"modified":"2020-09-22T17:51:15","modified_gmt":"2020-09-22T17:51:15","slug":"transcreation","status":"publish","type":"page","link":"https:\/\/itechwords.com\/fr\/services\/transcreation\/","title":{"rendered":"Transcr\u00e9ation"},"content":{"rendered":"<p>Adaptation de contenus de marketing et publicitaires \u00e0 d\u2019autres march\u00e9s et \u00e0 d\u2019autres langues.<\/p>\n<p><!--more--><\/p>\n<p>Si vous avez besoin d\u2019<strong>adapter une campagne publicitaire<\/strong> ou d\u2019<strong>introduire un concept sur un nouveau march\u00e9<\/strong>, nous prenons un contenu sp\u00e9cifique dans une langue et nous le recr\u00e9ons d\u2019une mani\u00e8re totalement nouvelle dans une autre langue en respectant l\u2019identit\u00e9 culturelle du march\u00e9 cible ainsi que le public vis\u00e9.<\/p>\n<hr style=\"font-size: 16px; font-weight: 400;\" \/>\n<h2>Points forts de notre service de transcr\u00e9ation<\/h2>\n<ul>\n<li>Transcr\u00e9ation de campagnes de marketing, d\u2019articles et de contenus publicitaires, de catalogues de produits et de pages Web\u00a0;<\/li>\n<li>Synergie entre traducteurs et copywriters\u00a0;<\/li>\n<li>Nous transformons des textes en ventes.<\/li>\n<\/ul>\n","protected":false},"excerpt":{"rendered":"<p>Adaptation de contenus de marketing et publicitaires \u00e0 d\u2019autres march\u00e9s et \u00e0 d\u2019autres langues.<\/p>\n","protected":false},"author":1,"featured_media":0,"parent":1330,"menu_order":4,"comment_status":"closed","ping_status":"closed","template":"","meta":[],"tags":[94],"_links":{"self":[{"href":"https:\/\/itechwords.com\/fr\/wp-json\/wp\/v2\/pages\/1358"}],"collection":[{"href":"https:\/\/itechwords.com\/fr\/wp-json\/wp\/v2\/pages"}],"about":[{"href":"https:\/\/itechwords.com\/fr\/wp-json\/wp\/v2\/types\/page"}],"author":[{"embeddable":true,"href":"https:\/\/itechwords.com\/fr\/wp-json\/wp\/v2\/users\/1"}],"replies":[{"embeddable":true,"href":"https:\/\/itechwords.com\/fr\/wp-json\/wp\/v2\/comments?post=1358"}],"version-history":[{"count":0,"href":"https:\/\/itechwords.com\/fr\/wp-json\/wp\/v2\/pages\/1358\/revisions"}],"up":[{"embeddable":true,"href":"https:\/\/itechwords.com\/fr\/wp-json\/wp\/v2\/pages\/1330"}],"wp:attachment":[{"href":"https:\/\/itechwords.com\/fr\/wp-json\/wp\/v2\/media?parent=1358"}],"wp:term":[{"taxonomy":"post_tag","embeddable":true,"href":"https:\/\/itechwords.com\/fr\/wp-json\/wp\/v2\/tags?post=1358"}],"curies":[{"name":"wp","href":"https:\/\/api.w.org\/{rel}","templated":true}]}}