{"id":1364,"date":"2020-09-22T00:50:00","date_gmt":"2020-09-22T00:50:00","guid":{"rendered":"https:\/\/itechwords.com\/?page_id=1364"},"modified":"2020-09-22T17:56:03","modified_gmt":"2020-09-22T17:56:03","slug":"sous-titrage","status":"publish","type":"page","link":"https:\/\/itechwords.com\/fr\/services\/sous-titrage\/","title":{"rendered":"Sous-titrage"},"content":{"rendered":"<p>Sous-titrage de films et de documentaires, de vid\u00e9os d\u2019entreprise, de webinaires, de blogs et de tutoriels.<\/p>\n<p><!--more--><\/p>\n<p><strong>La vid\u00e9o est de plus en plus pr\u00e9sente dans notre quotidien, que ce soit via les r\u00e9seaux sociaux ou sur la plateforme YouTube.<br \/>\n<\/strong>Le sous-titrage permet de communiquer les contenus audiovisuels dans toutes les circonstances et garantit la transmission du message.<\/p>\n<hr style=\"font-size: 16px; font-weight: 400;\" \/>\n<h2>Notre service de sous-titrage<\/h2>\n<ul>\n<li>Sous-titrage de films et de documentaires, de vid\u00e9os d\u2019entreprise, de webinaires, de blogs, de tutoriels, etc.<\/li>\n<li>Diff\u00e9rents formats de sous-titrage\u00a0;<\/li>\n<li>Diff\u00e9rents types de fichiers de sous-titrages\u00a0;<\/li>\n<li>Insertion des sous-titres r\u00e9alis\u00e9e dans un studio professionnel\u00a0;<\/li>\n<li>Outils de derni\u00e8re g\u00e9n\u00e9ration.<\/li>\n<\/ul>\n<p>Depuis 2017, nous sommes charg\u00e9s du sous-titrage du <strong>festival LxMFF &#8211; Lisbon Motorcycle Film Fest<\/strong>.<br \/>\nNous sommes familiaris\u00e9s avec toutes les solutions de sous-titrage, comme le montre notre \u00e9tude de cas que nous vous invitons \u00e0 consulter\u00a0<a href=\"https:\/\/itechwords.com\/fr\/lentreprise\/clients\/lisbon-motorcycle-film-fest\/\">ici<\/a>.<\/p>\n","protected":false},"excerpt":{"rendered":"<p>Sous-titrage de films et de documentaires, de vid\u00e9os d\u2019entreprise, de webinaires, de blogs et de tutoriels.<\/p>\n","protected":false},"author":1,"featured_media":0,"parent":1330,"menu_order":5,"comment_status":"closed","ping_status":"closed","template":"","meta":[],"tags":[84],"_links":{"self":[{"href":"https:\/\/itechwords.com\/fr\/wp-json\/wp\/v2\/pages\/1364"}],"collection":[{"href":"https:\/\/itechwords.com\/fr\/wp-json\/wp\/v2\/pages"}],"about":[{"href":"https:\/\/itechwords.com\/fr\/wp-json\/wp\/v2\/types\/page"}],"author":[{"embeddable":true,"href":"https:\/\/itechwords.com\/fr\/wp-json\/wp\/v2\/users\/1"}],"replies":[{"embeddable":true,"href":"https:\/\/itechwords.com\/fr\/wp-json\/wp\/v2\/comments?post=1364"}],"version-history":[{"count":0,"href":"https:\/\/itechwords.com\/fr\/wp-json\/wp\/v2\/pages\/1364\/revisions"}],"up":[{"embeddable":true,"href":"https:\/\/itechwords.com\/fr\/wp-json\/wp\/v2\/pages\/1330"}],"wp:attachment":[{"href":"https:\/\/itechwords.com\/fr\/wp-json\/wp\/v2\/media?parent=1364"}],"wp:term":[{"taxonomy":"post_tag","embeddable":true,"href":"https:\/\/itechwords.com\/fr\/wp-json\/wp\/v2\/tags?post=1364"}],"curies":[{"name":"wp","href":"https:\/\/api.w.org\/{rel}","templated":true}]}}