{"id":1367,"date":"2020-09-22T00:51:17","date_gmt":"2020-09-22T00:51:17","guid":{"rendered":"https:\/\/itechwords.com\/?page_id=1367"},"modified":"2020-09-22T17:57:49","modified_gmt":"2020-09-22T17:57:49","slug":"questions-frequentes-titrage","status":"publish","type":"page","link":"https:\/\/itechwords.com\/fr\/services\/sous-titrage\/questions-frequentes-titrage\/","title":{"rendered":"Questions fr\u00e9quentes concernant le sous-titrage"},"content":{"rendered":"<h2>En quoi le sous-titrage d\u2019une vid\u00e9o est-il utile\u00a0?<\/h2>\n<p>Le support audiovisuel est de plus en plus pr\u00e9sent sur les r\u00e9seaux sociaux. Il est \u00e9galement un format largement utilis\u00e9 dans le domaine du marketing et pour la promotion d\u2019entreprises ou de produits. Sachant que <strong>85\u00a0% des vid\u00e9os publi\u00e9es sur la plateforme Facebook sont visualis\u00e9es sans son<\/strong>, seul le <a href=\"https:\/\/itechwords.com\/fr\/services\/sous-titrage\/\">sous-titrage<\/a> permettra d\u2019attirer l\u2019attention sur votre vid\u00e9o.<\/p>\n<h2>Dans quel format livrez-vous les films sous-titr\u00e9s\u00a0?<\/h2>\n<p>De mani\u00e8re g\u00e9n\u00e9rale, nous livrons les films <strong>avec les sous-titres ins\u00e9r\u00e9s<\/strong> de mani\u00e8re permanente dans la vid\u00e9o, comme au cin\u00e9ma, <strong>ou dans un fichier s\u00e9par\u00e9<\/strong> parfaitement synchronis\u00e9 avec la vid\u00e9o.<\/p>\n<h2>Pour quelle raison le texte des sous-titres peut-il para\u00eetre incomplet\u00a0?<\/h2>\n<p>En raison des limites impos\u00e9es au format (dur\u00e9e de pr\u00e9sentation et nombre de caract\u00e8res), <strong>le <\/strong><strong><a href=\"https:\/\/itechwords.com\/fr\/services\/sous-titrage\/\">sous-titrage<\/a><\/strong><strong> adopte un langage plus succinct et plus objectif<\/strong>. Il pr\u00e9sente les id\u00e9es les plus importantes au lieu de transcrire litt\u00e9ralement tout ce qui est parl\u00e9 ou d\u00e9crit dans le film.<\/p>\n<h2>Existe-t-il plusieurs formats de sous-titrage\u00a0?<\/h2>\n<p>Le <a href=\"https:\/\/itechwords.com\/fr\/services\/sous-titrage\/\">sous-titrage<\/a> \u00e9tant une technique avec des r\u00e8gles et des proc\u00e9dures sp\u00e9cifiques, les formats de sous-titrage varient selon le but recherch\u00e9 et vont <strong>du sous-titrage classique au sous-titrage cod\u00e9<\/strong> pour sourds et malentendants.<\/p>\n<h2>Un film sous-titr\u00e9 est-il adapt\u00e9 \u00e0 toutes les plateformes\u00a0?<\/h2>\n<p>Il est important de savoir <strong>o\u00f9 la vid\u00e9o va \u00eatre diffus\u00e9e<\/strong> car les r\u00e8gles de <a href=\"https:\/\/itechwords.com\/fr\/services\/sous-titrage\/\">sous-titrage<\/a> sont diff\u00e9rentes selon qu\u2019elles s\u2019appliquent \u00e0 un film ou \u00e0 une plateforme en ligne, comme YouTube ou Vimeo, qui utilise des syst\u00e8mes de sous-titrage propres, avec des r\u00e8gles bien particuli\u00e8res.<\/p>\n<h2>Un script est-il n\u00e9cessaire pour r\u00e9aliser le sous-titrage\u00a0?<\/h2>\n<p>M\u00eame s\u2019il n\u2019est pas indispensable, le script <strong>permet de r\u00e9duire de fa\u00e7on consid\u00e9rable le temps n\u00e9cessaire \u00e0 la r\u00e9alisation du <\/strong><strong><a href=\"https:\/\/itechwords.com\/fr\/services\/sous-titrage\/\">sous-titrage<\/a><\/strong> et apporte une s\u00e9rie d\u2019informations qui vont acc\u00e9l\u00e9rer le processus et en am\u00e9liorer la qualit\u00e9 finale.<\/p>\n","protected":false},"excerpt":{"rendered":"<p>En quoi le sous-titrage d\u2019une vid\u00e9o est-il utile\u00a0? Le support audiovisuel est de plus en plus pr\u00e9sent sur les r\u00e9seaux sociaux. Il est \u00e9galement un format largement utilis\u00e9 dans le domaine du marketing et pour la promotion d\u2019entreprises ou de produits. Sachant que 85\u00a0% des vid\u00e9os publi\u00e9es sur la plateforme Facebook sont visualis\u00e9es sans son, [&hellip;]<\/p>\n","protected":false},"author":1,"featured_media":0,"parent":1364,"menu_order":0,"comment_status":"closed","ping_status":"closed","template":"page-templates\/accordion.php","meta":[],"tags":[84],"_links":{"self":[{"href":"https:\/\/itechwords.com\/fr\/wp-json\/wp\/v2\/pages\/1367"}],"collection":[{"href":"https:\/\/itechwords.com\/fr\/wp-json\/wp\/v2\/pages"}],"about":[{"href":"https:\/\/itechwords.com\/fr\/wp-json\/wp\/v2\/types\/page"}],"author":[{"embeddable":true,"href":"https:\/\/itechwords.com\/fr\/wp-json\/wp\/v2\/users\/1"}],"replies":[{"embeddable":true,"href":"https:\/\/itechwords.com\/fr\/wp-json\/wp\/v2\/comments?post=1367"}],"version-history":[{"count":0,"href":"https:\/\/itechwords.com\/fr\/wp-json\/wp\/v2\/pages\/1367\/revisions"}],"up":[{"embeddable":true,"href":"https:\/\/itechwords.com\/fr\/wp-json\/wp\/v2\/pages\/1364"}],"wp:attachment":[{"href":"https:\/\/itechwords.com\/fr\/wp-json\/wp\/v2\/media?parent=1367"}],"wp:term":[{"taxonomy":"post_tag","embeddable":true,"href":"https:\/\/itechwords.com\/fr\/wp-json\/wp\/v2\/tags?post=1367"}],"curies":[{"name":"wp","href":"https:\/\/api.w.org\/{rel}","templated":true}]}}