{"id":1377,"date":"2020-09-22T00:53:07","date_gmt":"2020-09-22T00:53:07","guid":{"rendered":"https:\/\/itechwords.com\/?page_id=1377"},"modified":"2020-09-22T18:02:58","modified_gmt":"2020-09-22T18:02:58","slug":"transcription","status":"publish","type":"page","link":"https:\/\/itechwords.com\/fr\/services\/transcription\/","title":{"rendered":"Transcription"},"content":{"rendered":"<p>Enregistrement \u00e9crit de l\u2019enregistrement audio d\u2019audiences judiciaires, de r\u00e9unions, d\u2019entretiens, de rapports et d\u2019actions de formation.<\/p>\n<p><!--more--><\/p>\n<p>La solution id\u00e9ale lorsque vous avez un <strong>enregistrement audio d\u2019une r\u00e9union<\/strong>, <strong>d\u2019une conf\u00e9rence<\/strong> ou <strong>d\u2019une audience judiciaire<\/strong> et que vous avez besoin d\u2019une version \u00e9crite de leurs contenus pour faciliter leur consultation ou les consigner dans un proc\u00e8s-verbal.<\/p>\n<hr \/>\n<h2>Notre service de transcription\u00a0:<\/h2>\n<ul>\n<li>Vaste exp\u00e9rience dans les audiences judiciaires, les r\u00e9unions professionnelles, les entretiens, les comptes rendus m\u00e9dicaux et les actions de formation\u00a0;<\/li>\n<li>Diff\u00e9rents supports multim\u00e9dias\u00a0;<\/li>\n<li>Strict respect de la confidentialit\u00e9.<\/li>\n<\/ul>\n","protected":false},"excerpt":{"rendered":"<p>Enregistrement \u00e9crit de l\u2019enregistrement audio d\u2019audiences judiciaires, de r\u00e9unions, d\u2019entretiens, de rapports et d\u2019actions de formation.<\/p>\n","protected":false},"author":1,"featured_media":0,"parent":1330,"menu_order":7,"comment_status":"closed","ping_status":"closed","template":"","meta":[],"tags":[95],"_links":{"self":[{"href":"https:\/\/itechwords.com\/fr\/wp-json\/wp\/v2\/pages\/1377"}],"collection":[{"href":"https:\/\/itechwords.com\/fr\/wp-json\/wp\/v2\/pages"}],"about":[{"href":"https:\/\/itechwords.com\/fr\/wp-json\/wp\/v2\/types\/page"}],"author":[{"embeddable":true,"href":"https:\/\/itechwords.com\/fr\/wp-json\/wp\/v2\/users\/1"}],"replies":[{"embeddable":true,"href":"https:\/\/itechwords.com\/fr\/wp-json\/wp\/v2\/comments?post=1377"}],"version-history":[{"count":0,"href":"https:\/\/itechwords.com\/fr\/wp-json\/wp\/v2\/pages\/1377\/revisions"}],"up":[{"embeddable":true,"href":"https:\/\/itechwords.com\/fr\/wp-json\/wp\/v2\/pages\/1330"}],"wp:attachment":[{"href":"https:\/\/itechwords.com\/fr\/wp-json\/wp\/v2\/media?parent=1377"}],"wp:term":[{"taxonomy":"post_tag","embeddable":true,"href":"https:\/\/itechwords.com\/fr\/wp-json\/wp\/v2\/tags?post=1377"}],"curies":[{"name":"wp","href":"https:\/\/api.w.org\/{rel}","templated":true}]}}