{"id":1387,"date":"2020-09-22T01:00:31","date_gmt":"2020-09-22T01:00:31","guid":{"rendered":"https:\/\/itechwords.com\/?page_id=1387"},"modified":"2020-09-22T18:07:12","modified_gmt":"2020-09-22T18:07:12","slug":"questions-frequentes-mise-en-forme-pao","status":"publish","type":"page","link":"https:\/\/itechwords.com\/fr\/services\/mise-en-forme-pao\/questions-frequentes-mise-en-forme-pao\/","title":{"rendered":"Questions fr\u00e9quentes concernant la mise en forme\/PAO"},"content":{"rendered":"<h2>En quoi consiste la mise en forme\/PAO\u00a0?<\/h2>\n<p>Il peut s\u2019agir d\u2019une simple <strong><a href=\"https:\/\/itechwords.com\/fr\/services\/mise-en-forme-pao\/\">mise en forme<\/a><\/strong><strong> d\u2019une pr\u00e9sentation pour une r\u00e9union d\u2019entreprise<\/strong>, <strong>d\u2019une composition graphique<\/strong> refl\u00e9tant exactement la structure du document original ou de la <strong>pr\u00e9paration d\u2019une brochure ou d\u2019un catalogue avant impression<\/strong> en format num\u00e9rique ou offset.<\/p>\n<h2>Quelles sont les extensions de fichiers graphiques avec lesquelles vous travaillez\u00a0?<\/h2>\n<p>Il suffit que vous nous indiquiez le format souhait\u00e9 de l\u2019extension du fichier. Nous travaillons avec <strong>les formats graphiques les plus courants<\/strong>.<\/p>\n<h2>Pouvez-vous pr\u00e9parer la mise en forme avant l\u2019impression\u00a0?<\/h2>\n<p>Oui, il suffit que vous nous pr\u00e9cisiez <strong>le type d\u2019impression et l\u2019extension du fichier<\/strong> qui sera remis \u00e0 l\u2019imprimeur.<\/p>\n<h2>Prenez-vous en charge la mise en forme et l\u2019impression\u00a0?<\/h2>\n<p>Si vous choisissez la solution compl\u00e8te (nous vous remettons le produit final, impression graphique incluse), vous devez nous indiquer <strong>les dimensions, le type de papier, la finition souhait\u00e9e et le nombre d\u2019exemplaires<\/strong>.<\/p>\n<h2>Quel est le meilleur format pour les repr\u00e9sentations graphiques\u00a0?<\/h2>\n<p>Dans le cas o\u00f9 vous ne savez pas quelle est la meilleure solution pour votre projet, notre \u00e9quipe poss\u00e8de l\u2019<strong>exp\u00e9rience et les connaissances n\u00e9cessaires<\/strong> pour vous conseiller et vous indiquer celle qui r\u00e9pondra le mieux \u00e0 vos attentes.<\/p>\n<h2>Pouvez-vous livrer un projet cl\u00e9 en main\u00a0?<\/h2>\n<p>En plus du service de <a href=\"https:\/\/itechwords.com\/fr\/services\/traduction\/\">traduction<\/a>, nous disposons \u00e9galement des \u00e9quipements ad\u00e9quats pour travailler les <strong>types de fichier les plus courants et nous avons \u00e9tabli des partenariats avec des imprimeries<\/strong> qui nous permettent d\u2019obtenir la meilleure qualit\u00e9 d\u2019impression dans diff\u00e9rents formats.<\/p>\n","protected":false},"excerpt":{"rendered":"<p>En quoi consiste la mise en forme\/PAO\u00a0? Il peut s\u2019agir d\u2019une simple mise en forme d\u2019une pr\u00e9sentation pour une r\u00e9union d\u2019entreprise, d\u2019une composition graphique refl\u00e9tant exactement la structure du document original ou de la pr\u00e9paration d\u2019une brochure ou d\u2019un catalogue avant impression en format num\u00e9rique ou offset. Quelles sont les extensions de fichiers graphiques avec [&hellip;]<\/p>\n","protected":false},"author":1,"featured_media":0,"parent":1384,"menu_order":0,"comment_status":"closed","ping_status":"closed","template":"page-templates\/accordion.php","meta":[],"tags":[81],"_links":{"self":[{"href":"https:\/\/itechwords.com\/fr\/wp-json\/wp\/v2\/pages\/1387"}],"collection":[{"href":"https:\/\/itechwords.com\/fr\/wp-json\/wp\/v2\/pages"}],"about":[{"href":"https:\/\/itechwords.com\/fr\/wp-json\/wp\/v2\/types\/page"}],"author":[{"embeddable":true,"href":"https:\/\/itechwords.com\/fr\/wp-json\/wp\/v2\/users\/1"}],"replies":[{"embeddable":true,"href":"https:\/\/itechwords.com\/fr\/wp-json\/wp\/v2\/comments?post=1387"}],"version-history":[{"count":0,"href":"https:\/\/itechwords.com\/fr\/wp-json\/wp\/v2\/pages\/1387\/revisions"}],"up":[{"embeddable":true,"href":"https:\/\/itechwords.com\/fr\/wp-json\/wp\/v2\/pages\/1384"}],"wp:attachment":[{"href":"https:\/\/itechwords.com\/fr\/wp-json\/wp\/v2\/media?parent=1387"}],"wp:term":[{"taxonomy":"post_tag","embeddable":true,"href":"https:\/\/itechwords.com\/fr\/wp-json\/wp\/v2\/tags?post=1387"}],"curies":[{"name":"wp","href":"https:\/\/api.w.org\/{rel}","templated":true}]}}