{"id":1390,"date":"2020-09-22T11:43:33","date_gmt":"2020-09-22T11:43:33","guid":{"rendered":"https:\/\/itechwords.com\/?page_id=1390"},"modified":"2020-09-22T18:46:46","modified_gmt":"2020-09-22T18:46:46","slug":"industries","status":"publish","type":"page","link":"https:\/\/itechwords.com\/fr\/industries\/","title":{"rendered":"Industries"},"content":{"rendered":"<h2>Des solutions sur mesure<\/h2>\n<p>Nous savons qu\u2019un texte technique peut comporter une composante juridique, et que nous pouvons m\u00eame trouver des contenus sp\u00e9cialis\u00e9s dans un texte g\u00e9n\u00e9raliste.<\/p>\n<p>Le langage n\u2019est pas compartiment\u00e9, et\u00a0<strong>itechwords<\/strong>\u00a0peut vous aider \u00e0 aller plus loin, quel que soit le secteur d\u2019activit\u00e9 ou l\u2019industrie o\u00f9 vous op\u00e9rez.<\/p>\n<p>Il est important que nous connaissions vos objectifs pour que nous puissions vous pr\u00e9senter la formule id\u00e9ale qui vous permettra de les atteindre.<\/p>\n","protected":false},"excerpt":{"rendered":"<p>Des solutions sur mesure Nous savons qu\u2019un texte technique peut comporter une composante juridique, et que nous pouvons m\u00eame trouver des contenus sp\u00e9cialis\u00e9s dans un texte g\u00e9n\u00e9raliste. Le langage n\u2019est pas compartiment\u00e9, et\u00a0itechwords\u00a0peut vous aider \u00e0 aller plus loin, quel que soit le secteur d\u2019activit\u00e9 ou l\u2019industrie o\u00f9 vous op\u00e9rez. Il est important que nous [&hellip;]<\/p>\n","protected":false},"author":1,"featured_media":0,"parent":0,"menu_order":2,"comment_status":"closed","ping_status":"closed","template":"page-templates\/boxes.php","meta":[],"tags":[],"_links":{"self":[{"href":"https:\/\/itechwords.com\/fr\/wp-json\/wp\/v2\/pages\/1390"}],"collection":[{"href":"https:\/\/itechwords.com\/fr\/wp-json\/wp\/v2\/pages"}],"about":[{"href":"https:\/\/itechwords.com\/fr\/wp-json\/wp\/v2\/types\/page"}],"author":[{"embeddable":true,"href":"https:\/\/itechwords.com\/fr\/wp-json\/wp\/v2\/users\/1"}],"replies":[{"embeddable":true,"href":"https:\/\/itechwords.com\/fr\/wp-json\/wp\/v2\/comments?post=1390"}],"version-history":[{"count":0,"href":"https:\/\/itechwords.com\/fr\/wp-json\/wp\/v2\/pages\/1390\/revisions"}],"wp:attachment":[{"href":"https:\/\/itechwords.com\/fr\/wp-json\/wp\/v2\/media?parent=1390"}],"wp:term":[{"taxonomy":"post_tag","embeddable":true,"href":"https:\/\/itechwords.com\/fr\/wp-json\/wp\/v2\/tags?post=1390"}],"curies":[{"name":"wp","href":"https:\/\/api.w.org\/{rel}","templated":true}]}}