{"id":1393,"date":"2020-09-22T11:47:14","date_gmt":"2020-09-22T11:47:14","guid":{"rendered":"https:\/\/itechwords.com\/?page_id=1393"},"modified":"2020-09-22T18:50:15","modified_gmt":"2020-09-22T18:50:15","slug":"automobile","status":"publish","type":"page","link":"https:\/\/itechwords.com\/fr\/industries\/automobile\/","title":{"rendered":"Automobile"},"content":{"rendered":"<p>Nous apportons une r\u00e9ponse imm\u00e9diate aux exigeants besoins de l\u2019industrie automobile<!--more--><\/p>\n<h2>Nous apportons une r\u00e9ponse imm\u00e9diate aux exigeants besoins de l\u2019industrie automobile<\/h2>\n<p>Nous vibrons \u00e0 chaque fois que nous sentons le moteur en marche d\u2019un v\u00e9hicule \u00e0 deux, quatre ou plus roues. Nous ne parvenons pas \u00e0 cacher un sourire de satisfaction lorsque nous sentons l\u2019acc\u00e9l\u00e9ration d\u2019un v\u00e9hicule \u00e9lectrique. Nous partageons la m\u00eame passion.<\/p>\n<hr \/>\n<h2>Nous travaillons avec des marques :<\/h2>\n<p style=\"text-align: right;\"><a href=\"https:\/\/itechwords.com\/wp-content\/uploads\/itechwords_auto_EN.pdf\" target=\"_blank\" rel=\"noopener noreferrer\">Brochure Auto<\/a>\u00a0<a href=\"https:\/\/itechwords.com\/wp-content\/uploads\/itechwords_moto_EN.pdf\" target=\"_blank\" rel=\"noopener noreferrer\">Brochure Moto<\/a><\/p>\n<ul>\n<li>Autos<\/li>\n<li>Motos<\/li>\n<li>Camions<\/li>\n<li>V\u00e9hicules industriels<\/li>\n<\/ul>\n<p>&nbsp;<\/p>\n<hr \/>\n<p>Nos services accompagnent nos clients de l\u2019industrie automobile dans toutes les \u00e9tapes du projet, en fournissant des contenus linguistiques dans diff\u00e9rentes langues et en cr\u00e9ant des documents sous forme \u00e9lectronique ou imprim\u00e9e.<\/p>\n<h2>Notre service\u00a0:<\/h2>\n<ul>\n<li>Traducteurs traduisant vers leur langue maternelle &#8211; Recours uniquement \u00e0 des <a href=\"https:\/\/itechwords.com\/fr\/services\/traduction\/\">traducteurs<\/a> sp\u00e9cialis\u00e9s traduisant vers leur langue maternelle.<\/li>\n<li>Exp\u00e9rience &#8211; Connaissances approfondies des diff\u00e9rents produits de l\u2019industrie.<\/li>\n<li>Conformit\u00e9 &#8211; Application rigoureuse des normes et des exigences sp\u00e9cifiques de l\u2019industrie automobile.<\/li>\n<li>Rentabilit\u00e9 &#8211; Coh\u00e9rence et rentabilit\u00e9 maximales assur\u00e9es pour chaque projet.<\/li>\n<\/ul>\n","protected":false},"excerpt":{"rendered":"<p>Nous apportons une r\u00e9ponse imm\u00e9diate aux exigeants besoins de l\u2019industrie automobile<\/p>\n","protected":false},"author":1,"featured_media":0,"parent":1390,"menu_order":0,"comment_status":"closed","ping_status":"closed","template":"","meta":[],"tags":[77],"_links":{"self":[{"href":"https:\/\/itechwords.com\/fr\/wp-json\/wp\/v2\/pages\/1393"}],"collection":[{"href":"https:\/\/itechwords.com\/fr\/wp-json\/wp\/v2\/pages"}],"about":[{"href":"https:\/\/itechwords.com\/fr\/wp-json\/wp\/v2\/types\/page"}],"author":[{"embeddable":true,"href":"https:\/\/itechwords.com\/fr\/wp-json\/wp\/v2\/users\/1"}],"replies":[{"embeddable":true,"href":"https:\/\/itechwords.com\/fr\/wp-json\/wp\/v2\/comments?post=1393"}],"version-history":[{"count":0,"href":"https:\/\/itechwords.com\/fr\/wp-json\/wp\/v2\/pages\/1393\/revisions"}],"up":[{"embeddable":true,"href":"https:\/\/itechwords.com\/fr\/wp-json\/wp\/v2\/pages\/1390"}],"wp:attachment":[{"href":"https:\/\/itechwords.com\/fr\/wp-json\/wp\/v2\/media?parent=1393"}],"wp:term":[{"taxonomy":"post_tag","embeddable":true,"href":"https:\/\/itechwords.com\/fr\/wp-json\/wp\/v2\/tags?post=1393"}],"curies":[{"name":"wp","href":"https:\/\/api.w.org\/{rel}","templated":true}]}}