{"id":1396,"date":"2020-09-22T11:47:42","date_gmt":"2020-09-22T11:47:42","guid":{"rendered":"https:\/\/itechwords.com\/?page_id=1396"},"modified":"2020-09-22T18:52:12","modified_gmt":"2020-09-22T18:52:12","slug":"technologie","status":"publish","type":"page","link":"https:\/\/itechwords.com\/fr\/industries\/technologie\/","title":{"rendered":"Technologie"},"content":{"rendered":"<p>Des solutions linguistiques derni\u00e8re g\u00e9n\u00e9ration pour les domaines technologiques les plus vari\u00e9s<br \/>\n<!--more--><\/p>\n<h2>Des solutions linguistiques derni\u00e8re g\u00e9n\u00e9ration pour les domaines technologiques les plus vari\u00e9s<\/h2>\n<p>Il est impossible d\u2019ignorer la r\u00e9alit\u00e9 technologique de notre quotidien.<br \/>\nLe smartphone est devenu un compagnon ins\u00e9parable qui nous permet de communiquer, de travailler, de nous d\u00e9tendre, et m\u00eame de contr\u00f4ler d\u2019autres \u00e9quipements via l\u2019Internet des objets.<br \/>\nGr\u00e2ce \u00e0 cette facilit\u00e9 technologique, nous allons partout, \u00e0 toute allure, et ceux qui ne laisseront pas une bonne image de marque sur le march\u00e9 seront impitoyablement rel\u00e9gu\u00e9s au second plan.<\/p>\n<hr \/>\n<h2>Nous avons une vaste exp\u00e9rience dans les domaines suivants :<\/h2>\n<p style=\"text-align: right;\"><a href=\"https:\/\/itechwords.com\/wp-content\/uploads\/itechwords_tech_EN.pdf\" target=\"_blank\" rel=\"noopener noreferrer\">Brochure<\/a><\/p>\n<ul>\n<li>Commerce \u00e9lectronique\u00a0;<\/li>\n<li>Ordinateurs, logiciels et mat\u00e9riel ;<\/li>\n<li>Automatisation et robotique ;<\/li>\n<li>TI &#8211; Technologies de l\u2019information\u00a0;<\/li>\n<li>Jeux vid\u00e9o et applications\u00a0;<\/li>\n<li>Fabrication et production ;<\/li>\n<li>T\u00e9l\u00e9communications, r\u00e9seaux et syst\u00e8mes ;<\/li>\n<li>\u00c9lectrom\u00e9nagers\u00a0;<\/li>\n<li>\u00c9quipements m\u00e9dicaux\u00a0;<\/li>\n<li>Brevets.<\/li>\n<\/ul>\n<hr \/>\n<h2>Approche du secteur technologique\u00a0:<\/h2>\n<ul>\n<li>Internationalisation &#8211; Capacit\u00e9 \u00e0 vous aider dans le projet d\u2019internationalisation de votre activit\u00e9.<\/li>\n<li>Engagement &#8211; Chefs de projet d\u00e9di\u00e9s au d\u00e9veloppement de projets cl\u00e9 en main.<\/li>\n<li>Adaptation &#8211; Approche adapt\u00e9e \u00e0 la culture de chaque march\u00e9 et de chaque public cible.<\/li>\n<li>Solutions &#8211; Solutions multim\u00e9dias compl\u00e9mentaires.<\/li>\n<\/ul>\n","protected":false},"excerpt":{"rendered":"<p>Des solutions linguistiques derni\u00e8re g\u00e9n\u00e9ration pour les domaines technologiques les plus vari\u00e9s<\/p>\n","protected":false},"author":1,"featured_media":0,"parent":1390,"menu_order":1,"comment_status":"closed","ping_status":"closed","template":"","meta":[],"tags":[92],"_links":{"self":[{"href":"https:\/\/itechwords.com\/fr\/wp-json\/wp\/v2\/pages\/1396"}],"collection":[{"href":"https:\/\/itechwords.com\/fr\/wp-json\/wp\/v2\/pages"}],"about":[{"href":"https:\/\/itechwords.com\/fr\/wp-json\/wp\/v2\/types\/page"}],"author":[{"embeddable":true,"href":"https:\/\/itechwords.com\/fr\/wp-json\/wp\/v2\/users\/1"}],"replies":[{"embeddable":true,"href":"https:\/\/itechwords.com\/fr\/wp-json\/wp\/v2\/comments?post=1396"}],"version-history":[{"count":0,"href":"https:\/\/itechwords.com\/fr\/wp-json\/wp\/v2\/pages\/1396\/revisions"}],"up":[{"embeddable":true,"href":"https:\/\/itechwords.com\/fr\/wp-json\/wp\/v2\/pages\/1390"}],"wp:attachment":[{"href":"https:\/\/itechwords.com\/fr\/wp-json\/wp\/v2\/media?parent=1396"}],"wp:term":[{"taxonomy":"post_tag","embeddable":true,"href":"https:\/\/itechwords.com\/fr\/wp-json\/wp\/v2\/tags?post=1396"}],"curies":[{"name":"wp","href":"https:\/\/api.w.org\/{rel}","templated":true}]}}