{"id":1399,"date":"2020-09-22T11:48:02","date_gmt":"2020-09-22T11:48:02","guid":{"rendered":"https:\/\/itechwords.com\/?page_id=1399"},"modified":"2020-09-22T18:54:06","modified_gmt":"2020-09-22T18:54:06","slug":"ingenierie","status":"publish","type":"page","link":"https:\/\/itechwords.com\/fr\/industries\/ingenierie\/","title":{"rendered":"Ing\u00e9nierie"},"content":{"rendered":"<p>De rigoureuses m\u00e9thodes de transformation de contenus en plusieurs langues<br \/>\n<!--more--><\/p>\n<h2>De rigoureuses m\u00e9thodes de transformation de contenus en plusieurs langues<\/h2>\n<p>Les ing\u00e9nieries repr\u00e9sentent une grande partie des principaux secteurs d\u2019activit\u00e9 dans le monde entier.<br \/>\nToutes exigent rigueur et pr\u00e9cision dans chaque projet.<\/p>\n<hr \/>\n<h2>Nous offrons des <a href=\"https:\/\/itechwords.com\/fr\/services\/\">services linguistiques<\/a> aux clients des ing\u00e9nieries suivantes :<\/h2>\n<ul>\n<li>\u00c9lectronique et robotique\u00a0;<\/li>\n<li>\u00c9nergie et g\u00e9nie \u00e9lectrique\u00a0;<\/li>\n<li>G\u00e9nie civil et structures\u00a0;<\/li>\n<li>G\u00e9nie m\u00e9canique, m\u00e9tallurgie et industrie\u00a0;<\/li>\n<li>A\u00e9ronautique et a\u00e9rospatiale\u00a0;<\/li>\n<li>Mines et pierres pr\u00e9cieuses\u00a0;<\/li>\n<li>\u00c9nergies renouvelables.<\/li>\n<\/ul>\n<hr \/>\n<h2>Notre service\u00a0:<\/h2>\n<ul>\n<li>Logiciel avanc\u00e9 &#8211; Utilisation d\u2019un logiciel avanc\u00e9 pour un maximum de coh\u00e9rence et de rigueur.<\/li>\n<li>Flexibilit\u00e9 &#8211; Flexibilit\u00e9 de la r\u00e9ponse aux exigences de chaque projet.<\/li>\n<li>Professionnalisme &#8211; Respect des r\u00e8gles de r\u00e9daction technique sp\u00e9cifiques \u00e0 chaque industrie.<\/li>\n<li>Confidentialit\u00e9 &#8211; Confidentialit\u00e9 maximale durant tout le processus.<\/li>\n<\/ul>\n","protected":false},"excerpt":{"rendered":"<p>De rigoureuses m\u00e9thodes de transformation de contenus en plusieurs langues<\/p>\n","protected":false},"author":1,"featured_media":0,"parent":1390,"menu_order":2,"comment_status":"closed","ping_status":"closed","template":"","meta":[],"tags":[80],"_links":{"self":[{"href":"https:\/\/itechwords.com\/fr\/wp-json\/wp\/v2\/pages\/1399"}],"collection":[{"href":"https:\/\/itechwords.com\/fr\/wp-json\/wp\/v2\/pages"}],"about":[{"href":"https:\/\/itechwords.com\/fr\/wp-json\/wp\/v2\/types\/page"}],"author":[{"embeddable":true,"href":"https:\/\/itechwords.com\/fr\/wp-json\/wp\/v2\/users\/1"}],"replies":[{"embeddable":true,"href":"https:\/\/itechwords.com\/fr\/wp-json\/wp\/v2\/comments?post=1399"}],"version-history":[{"count":0,"href":"https:\/\/itechwords.com\/fr\/wp-json\/wp\/v2\/pages\/1399\/revisions"}],"up":[{"embeddable":true,"href":"https:\/\/itechwords.com\/fr\/wp-json\/wp\/v2\/pages\/1390"}],"wp:attachment":[{"href":"https:\/\/itechwords.com\/fr\/wp-json\/wp\/v2\/media?parent=1399"}],"wp:term":[{"taxonomy":"post_tag","embeddable":true,"href":"https:\/\/itechwords.com\/fr\/wp-json\/wp\/v2\/tags?post=1399"}],"curies":[{"name":"wp","href":"https:\/\/api.w.org\/{rel}","templated":true}]}}