{"id":1402,"date":"2020-09-22T11:48:17","date_gmt":"2020-09-22T11:48:17","guid":{"rendered":"https:\/\/itechwords.com\/?page_id=1402"},"modified":"2020-09-22T23:26:56","modified_gmt":"2020-09-22T23:26:56","slug":"marketing","status":"publish","type":"page","link":"https:\/\/itechwords.com\/fr\/industries\/marketing\/","title":{"rendered":"Marketing"},"content":{"rendered":"<p>Une communication adapt\u00e9e \u00e0 la mondialisation des marques et des services<!--more--><\/p>\n<h2>Une communication adapt\u00e9e \u00e0 la mondialisation des marques et des services<\/h2>\n<p>Toutes les marques ont besoin de communiquer sur leurs produits et services, que ce soit pour conserver leur position sur le march\u00e9 ou pour attirer de nouveaux consommateurs. Cependant, chaque march\u00e9 a sa propre identit\u00e9, model\u00e9e par la culture de chaque pays ou r\u00e9gion.<br \/>\nLes contenus marketing ne peuvent pas \u00eatre utilis\u00e9s \u00e0 l\u2019\u00e9chelle internationale sans une adaptation locale.<\/p>\n<hr \/>\n<h2>Nous travaillons avec des clients des secteurs suivants :<\/h2>\n<ul>\n<li>Publicit\u00e9<\/li>\n<li>M\u00e9dias<\/li>\n<li>Multim\u00e9dia<\/li>\n<\/ul>\n<hr \/>\n<h2>Notre service :<\/h2>\n<ul>\n<li>Synergie &#8211;\u00a0Synergie entre <a href=\"https:\/\/itechwords.com\/fr\/services\/traduction\/\">traducteurs<\/a> et copywriters.<\/li>\n<li>M\u00e9dias sociaux &#8211; Ma\u00eetrise des diff\u00e9rents r\u00e9seaux sociaux et plateformes de blog.<\/li>\n<li>Diversit\u00e9 &#8211; Services diversifi\u00e9s adapt\u00e9s aux diff\u00e9rentes strat\u00e9gies.<\/li>\n<li>Solutions &#8211;\u00a0Solutions de <a href=\"https:\/\/itechwords.com\/fr\/services\/voix-off\/\">voix off<\/a> avec des professionnels au talent reconnu.<\/li>\n<\/ul>\n","protected":false},"excerpt":{"rendered":"<p>Une communication adapt\u00e9e \u00e0 la mondialisation des marques et des services<\/p>\n","protected":false},"author":1,"featured_media":0,"parent":1390,"menu_order":3,"comment_status":"closed","ping_status":"closed","template":"","meta":[],"tags":[89],"_links":{"self":[{"href":"https:\/\/itechwords.com\/fr\/wp-json\/wp\/v2\/pages\/1402"}],"collection":[{"href":"https:\/\/itechwords.com\/fr\/wp-json\/wp\/v2\/pages"}],"about":[{"href":"https:\/\/itechwords.com\/fr\/wp-json\/wp\/v2\/types\/page"}],"author":[{"embeddable":true,"href":"https:\/\/itechwords.com\/fr\/wp-json\/wp\/v2\/users\/1"}],"replies":[{"embeddable":true,"href":"https:\/\/itechwords.com\/fr\/wp-json\/wp\/v2\/comments?post=1402"}],"version-history":[{"count":0,"href":"https:\/\/itechwords.com\/fr\/wp-json\/wp\/v2\/pages\/1402\/revisions"}],"up":[{"embeddable":true,"href":"https:\/\/itechwords.com\/fr\/wp-json\/wp\/v2\/pages\/1390"}],"wp:attachment":[{"href":"https:\/\/itechwords.com\/fr\/wp-json\/wp\/v2\/media?parent=1402"}],"wp:term":[{"taxonomy":"post_tag","embeddable":true,"href":"https:\/\/itechwords.com\/fr\/wp-json\/wp\/v2\/tags?post=1402"}],"curies":[{"name":"wp","href":"https:\/\/api.w.org\/{rel}","templated":true}]}}