{"id":1405,"date":"2020-09-22T11:48:39","date_gmt":"2020-09-22T11:48:39","guid":{"rendered":"https:\/\/itechwords.com\/?page_id=1405"},"modified":"2020-09-22T23:29:11","modified_gmt":"2020-09-22T23:29:11","slug":"sport","status":"publish","type":"page","link":"https:\/\/itechwords.com\/fr\/industries\/sport\/","title":{"rendered":"Sport"},"content":{"rendered":"<p>Des \u00e9quipes sp\u00e9cialis\u00e9es pour surmonter les \u00e9preuves les plus exigeantes<br \/>\n<!--more--><\/p>\n<h2>Des \u00e9quipes sp\u00e9cialis\u00e9es pour surmonter les \u00e9preuves les plus exigeantes<\/h2>\n<p>Les gens \u00e9tant de plus en plus soucieux de leur sant\u00e9 et de leur bien-\u00eatre, le sport jouit d&rsquo;une popularit\u00e9 croissante dans la soci\u00e9t\u00e9 actuelle.<br \/>\nL\u2019\u00e9volution technologique contribue \u00e0 l\u2019apparition de constantes innovations dans le domaine des \u00e9quipements, accessoires et v\u00eatements de sport.<br \/>\nLe d\u00e9veloppement de nouveaux mat\u00e9riels et mati\u00e8res permet d\u2019am\u00e9liorer le confort, la s\u00e9curit\u00e9, la protection, et d\u2019int\u00e9grer des fonctionnalit\u00e9s compl\u00e9mentaires.<\/p>\n<hr \/>\n<h2>Nous poss\u00e9dons une vaste exp\u00e9rience en services linguistiques pour des marques de\u00a0:<\/h2>\n<ul>\n<li>\u00c9quipements<\/li>\n<li>Accessoires<\/li>\n<li>V\u00eatements<\/li>\n<\/ul>\n<hr \/>\n<h2>Notre service<\/h2>\n<ul>\n<li>Exp\u00e9rience &#8211; Exp\u00e9rience avec de c\u00e9l\u00e8bres marques de sport.<\/li>\n<li>Adaptation &#8211; Adaptation des contenus aux diff\u00e9rentes plateformes.<\/li>\n<li>Sp\u00e9cialisation &#8211; Sp\u00e9cialisation dans diff\u00e9rentes disciplines sportives.<\/li>\n<li>Tendances &#8211; Suivi des tendances du march\u00e9.<\/li>\n<\/ul>\n","protected":false},"excerpt":{"rendered":"<p>Des \u00e9quipes sp\u00e9cialis\u00e9es pour surmonter les \u00e9preuves les plus exigeantes<\/p>\n","protected":false},"author":1,"featured_media":0,"parent":1390,"menu_order":4,"comment_status":"closed","ping_status":"closed","template":"","meta":[],"tags":[79],"_links":{"self":[{"href":"https:\/\/itechwords.com\/fr\/wp-json\/wp\/v2\/pages\/1405"}],"collection":[{"href":"https:\/\/itechwords.com\/fr\/wp-json\/wp\/v2\/pages"}],"about":[{"href":"https:\/\/itechwords.com\/fr\/wp-json\/wp\/v2\/types\/page"}],"author":[{"embeddable":true,"href":"https:\/\/itechwords.com\/fr\/wp-json\/wp\/v2\/users\/1"}],"replies":[{"embeddable":true,"href":"https:\/\/itechwords.com\/fr\/wp-json\/wp\/v2\/comments?post=1405"}],"version-history":[{"count":0,"href":"https:\/\/itechwords.com\/fr\/wp-json\/wp\/v2\/pages\/1405\/revisions"}],"up":[{"embeddable":true,"href":"https:\/\/itechwords.com\/fr\/wp-json\/wp\/v2\/pages\/1390"}],"wp:attachment":[{"href":"https:\/\/itechwords.com\/fr\/wp-json\/wp\/v2\/media?parent=1405"}],"wp:term":[{"taxonomy":"post_tag","embeddable":true,"href":"https:\/\/itechwords.com\/fr\/wp-json\/wp\/v2\/tags?post=1405"}],"curies":[{"name":"wp","href":"https:\/\/api.w.org\/{rel}","templated":true}]}}