{"id":1408,"date":"2020-09-22T11:52:19","date_gmt":"2020-09-22T11:52:19","guid":{"rendered":"https:\/\/itechwords.com\/?page_id=1408"},"modified":"2020-09-22T23:48:10","modified_gmt":"2020-09-22T23:48:10","slug":"lentreprise","status":"publish","type":"page","link":"https:\/\/itechwords.com\/fr\/lentreprise\/","title":{"rendered":"L\u2019entreprise"},"content":{"rendered":"<h2>Nous aidons les entreprises \u00e0 \u00e9liminer les barri\u00e8res de communication \u00e0 l\u2019\u00e9chelle mondiale.<\/h2>\n<p><strong>itechwords<\/strong> fournit des services multilingues de <a href=\"https:\/\/itechwords.com\/fr\/services\/traduction\/\">traduction technique<\/a>, de <a href=\"https:\/\/itechwords.com\/fr\/services\/localisation\/\">localisation<\/a> de pages Web, de logiciels et d\u2019applications, d\u2019<a href=\"https:\/\/itechwords.com\/fr\/services\/interpretation\/\">interpr\u00e9tation<\/a>, de transcription et de mise en forme ainsi que de <a href=\"https:\/\/itechwords.com\/fr\/services\/transcreation\/\">transcr\u00e9ation<\/a> et de solutions multim\u00e9dias comme le <a href=\"https:\/\/itechwords.com\/fr\/services\/sous-titrage\/\">sous-titrage<\/a> et la <a href=\"https:\/\/itechwords.com\/fr\/services\/voix-off\/\">voix off<\/a>.<\/p>\n<hr \/>\n<h3>Innovation<\/h3>\n<p>Nous sommes des passionn\u00e9s d\u2019<a href=\"https:\/\/itechwords.com\/fr\/industries\/technologie\/\">\u00e9quipements \u00e9lectroniques<\/a>, de <a href=\"https:\/\/itechwords.com\/fr\/industries\/ingenierie\/\">machines et de m\u00e9canismes<\/a>, les solutions de l\u2019<a href=\"https:\/\/itechwords.com\/fr\/industries\/automobile\/\">industrie automobile<\/a> (camions, automobiles ou motos) nous font vibrer et nous relevons les d\u00e9fis de la <a href=\"https:\/\/itechwords.com\/fr\/services\/localisation\/\">localisation d\u2019un jeu vid\u00e9o<\/a> avec le m\u00eame enthousiasme que celui qui atteint le niveau sup\u00e9rieur. Avec un tel profil, nos sp\u00e9cialisations sont logiquement ax\u00e9es sur les domaines techniques les plus vari\u00e9s.<\/p>\n<hr \/>\n<h3>Sp\u00e9cialisation<\/h3>\n<p>Au fil des ann\u00e9es, nous avons accompagn\u00e9 les \u00e9volutions technologiques qui font partie de notre quotidien et nous continuons de suivre chaque jour leur d\u00e9veloppement dans le cadre de la relation de proximit\u00e9 que nous entretenons avec nos <a href=\"https:\/\/itechwords.com\/fr\/lentreprise\/clients\/\">clients<\/a> champions de l\u2019innovation.<br \/>\nNotre \u00e9quipe rel\u00e8ve les d\u00e9fis qui lui sont lanc\u00e9s en offrant des solutions flexibles et adapt\u00e9es aux exigences de chaque projet.<\/p>\n<hr \/>\n<h3>Rigueur<\/h3>\n<p>Nous faisons appel \u00e0 des linguistes sp\u00e9cialis\u00e9s traduisant vers leur langue maternelle pour une communication multilingue naturelle et parfaitement adapt\u00e9e au public cible.<br \/>\nLe contr\u00f4le de qualit\u00e9 rigoureux que nous appliquons aux services de traduction, de localisation, d\u2019interpr\u00e9tation et de multim\u00e9dia est le secret de la confiance que les petites et grandes entreprises technologiques accordent \u00e0 nos prestations.<\/p>\n<p>Notre objectif est de vous aider \u00e0 construire l\u2019avenir de votre entreprise.<br \/>\n<strong>Chez itechwords, nous traduisons le futur.<\/strong><\/p>\n","protected":false},"excerpt":{"rendered":"<p>Nous aidons les entreprises \u00e0 \u00e9liminer les barri\u00e8res de communication \u00e0 l\u2019\u00e9chelle mondiale. itechwords fournit des services multilingues de traduction technique, de localisation de pages Web, de logiciels et d\u2019applications, d\u2019interpr\u00e9tation, de transcription et de mise en forme ainsi que de transcr\u00e9ation et de solutions multim\u00e9dias comme le sous-titrage et la voix off. Innovation Nous [&hellip;]<\/p>\n","protected":false},"author":1,"featured_media":0,"parent":0,"menu_order":3,"comment_status":"closed","ping_status":"closed","template":"","meta":[],"tags":[],"_links":{"self":[{"href":"https:\/\/itechwords.com\/fr\/wp-json\/wp\/v2\/pages\/1408"}],"collection":[{"href":"https:\/\/itechwords.com\/fr\/wp-json\/wp\/v2\/pages"}],"about":[{"href":"https:\/\/itechwords.com\/fr\/wp-json\/wp\/v2\/types\/page"}],"author":[{"embeddable":true,"href":"https:\/\/itechwords.com\/fr\/wp-json\/wp\/v2\/users\/1"}],"replies":[{"embeddable":true,"href":"https:\/\/itechwords.com\/fr\/wp-json\/wp\/v2\/comments?post=1408"}],"version-history":[{"count":0,"href":"https:\/\/itechwords.com\/fr\/wp-json\/wp\/v2\/pages\/1408\/revisions"}],"wp:attachment":[{"href":"https:\/\/itechwords.com\/fr\/wp-json\/wp\/v2\/media?parent=1408"}],"wp:term":[{"taxonomy":"post_tag","embeddable":true,"href":"https:\/\/itechwords.com\/fr\/wp-json\/wp\/v2\/tags?post=1408"}],"curies":[{"name":"wp","href":"https:\/\/api.w.org\/{rel}","templated":true}]}}