{"id":1412,"date":"2020-09-22T11:52:41","date_gmt":"2020-09-22T11:52:41","guid":{"rendered":"https:\/\/itechwords.com\/?page_id=1412"},"modified":"2020-09-22T23:49:45","modified_gmt":"2020-09-22T23:49:45","slug":"biographie","status":"publish","type":"page","link":"https:\/\/itechwords.com\/fr\/lentreprise\/biographie\/","title":{"rendered":"Biographie"},"content":{"rendered":"<blockquote><p>Enfant, il \u00e9tait tr\u00e8s curieux et faisait tout pour essayer de comprendre ce que disaient les \u00e9trangers, qui parlaient d\u2019une mani\u00e8re tellement \u00e9trange.<br \/>\nIl r\u00eavait aussi d\u2019\u00eatre ing\u00e9nieur et de construire des moteurs, mais la passion des langues l\u2019a finalement emport\u00e9.<\/p><\/blockquote>\n<p><strong>Paulo Concei\u00e7\u00e3o<\/strong><br \/>\nFondateur et PDG<\/p>\n<hr \/>\n<p>Titulaire d\u2019une <em>licenciatura<\/em> [dipl\u00f4me \u00e9quivalent \u00e0 la ma\u00eetrise] en <a href=\"https:\/\/itechwords.com\/fr\/services\/traduction\/\">traduction<\/a> et sp\u00e9cialis\u00e9 dans le domaine technique, il a d\u00e9j\u00e0 occup\u00e9 plusieurs postes au long de ses 20 ann\u00e9es de carri\u00e8re dans ce secteur. Passionn\u00e9 de m\u00e9canique et de technologie, il adore relever les d\u00e9fis pos\u00e9s par les innovations qui ne cessent de voir le jour.<\/p>\n","protected":false},"excerpt":{"rendered":"<p>Enfant, il \u00e9tait tr\u00e8s curieux et faisait tout pour essayer de comprendre ce que disaient les \u00e9trangers, qui parlaient d\u2019une mani\u00e8re tellement \u00e9trange. Il r\u00eavait aussi d\u2019\u00eatre ing\u00e9nieur et de construire des moteurs, mais la passion des langues l\u2019a finalement emport\u00e9. Paulo Concei\u00e7\u00e3o Fondateur et PDG Titulaire d\u2019une licenciatura [dipl\u00f4me \u00e9quivalent \u00e0 la ma\u00eetrise] en [&hellip;]<\/p>\n","protected":false},"author":1,"featured_media":322,"parent":1408,"menu_order":0,"comment_status":"closed","ping_status":"closed","template":"","meta":[],"tags":[],"_links":{"self":[{"href":"https:\/\/itechwords.com\/fr\/wp-json\/wp\/v2\/pages\/1412"}],"collection":[{"href":"https:\/\/itechwords.com\/fr\/wp-json\/wp\/v2\/pages"}],"about":[{"href":"https:\/\/itechwords.com\/fr\/wp-json\/wp\/v2\/types\/page"}],"author":[{"embeddable":true,"href":"https:\/\/itechwords.com\/fr\/wp-json\/wp\/v2\/users\/1"}],"replies":[{"embeddable":true,"href":"https:\/\/itechwords.com\/fr\/wp-json\/wp\/v2\/comments?post=1412"}],"version-history":[{"count":0,"href":"https:\/\/itechwords.com\/fr\/wp-json\/wp\/v2\/pages\/1412\/revisions"}],"up":[{"embeddable":true,"href":"https:\/\/itechwords.com\/fr\/wp-json\/wp\/v2\/pages\/1408"}],"wp:featuredmedia":[{"embeddable":true,"href":"https:\/\/itechwords.com\/fr\/wp-json\/wp\/v2\/media\/322"}],"wp:attachment":[{"href":"https:\/\/itechwords.com\/fr\/wp-json\/wp\/v2\/media?parent=1412"}],"wp:term":[{"taxonomy":"post_tag","embeddable":true,"href":"https:\/\/itechwords.com\/fr\/wp-json\/wp\/v2\/tags?post=1412"}],"curies":[{"name":"wp","href":"https:\/\/api.w.org\/{rel}","templated":true}]}}