{"id":1415,"date":"2020-09-22T11:52:57","date_gmt":"2020-09-22T11:52:57","guid":{"rendered":"https:\/\/itechwords.com\/?page_id=1415"},"modified":"2020-09-23T00:02:43","modified_gmt":"2020-09-23T00:02:43","slug":"clients","status":"publish","type":"page","link":"https:\/\/itechwords.com\/fr\/lentreprise\/clients\/","title":{"rendered":"Clients"},"content":{"rendered":"<h2>Principaux projets<\/h2>\n<p>Les responsables des marques et produits qui nous choisissent comme partenaire sont les mieux plac\u00e9s pour \u00e9valuer notre travail.<br \/>\nNous vous invitons \u00e0 d\u00e9couvrir ici quelques exemples de partenariats r\u00e9ussis avec <strong>itechwords<\/strong>.<\/p>\n","protected":false},"excerpt":{"rendered":"<p>Principaux projets Les responsables des marques et produits qui nous choisissent comme partenaire sont les mieux plac\u00e9s pour \u00e9valuer notre travail. Nous vous invitons \u00e0 d\u00e9couvrir ici quelques exemples de partenariats r\u00e9ussis avec itechwords.<\/p>\n","protected":false},"author":1,"featured_media":0,"parent":1408,"menu_order":1,"comment_status":"closed","ping_status":"closed","template":"page-templates\/boxesimages.php","meta":[],"tags":[],"_links":{"self":[{"href":"https:\/\/itechwords.com\/fr\/wp-json\/wp\/v2\/pages\/1415"}],"collection":[{"href":"https:\/\/itechwords.com\/fr\/wp-json\/wp\/v2\/pages"}],"about":[{"href":"https:\/\/itechwords.com\/fr\/wp-json\/wp\/v2\/types\/page"}],"author":[{"embeddable":true,"href":"https:\/\/itechwords.com\/fr\/wp-json\/wp\/v2\/users\/1"}],"replies":[{"embeddable":true,"href":"https:\/\/itechwords.com\/fr\/wp-json\/wp\/v2\/comments?post=1415"}],"version-history":[{"count":0,"href":"https:\/\/itechwords.com\/fr\/wp-json\/wp\/v2\/pages\/1415\/revisions"}],"up":[{"embeddable":true,"href":"https:\/\/itechwords.com\/fr\/wp-json\/wp\/v2\/pages\/1408"}],"wp:attachment":[{"href":"https:\/\/itechwords.com\/fr\/wp-json\/wp\/v2\/media?parent=1415"}],"wp:term":[{"taxonomy":"post_tag","embeddable":true,"href":"https:\/\/itechwords.com\/fr\/wp-json\/wp\/v2\/tags?post=1415"}],"curies":[{"name":"wp","href":"https:\/\/api.w.org\/{rel}","templated":true}]}}