{"id":1418,"date":"2020-09-22T11:53:10","date_gmt":"2020-09-22T11:53:10","guid":{"rendered":"https:\/\/itechwords.com\/?page_id=1418"},"modified":"2020-09-23T00:03:39","modified_gmt":"2020-09-23T00:03:39","slug":"asisa","status":"publish","type":"page","link":"https:\/\/itechwords.com\/fr\/lentreprise\/clients\/asisa\/","title":{"rendered":"ASISA"},"content":{"rendered":"<blockquote><p>Nous sommes tr\u00e8s satisfaits de votre travail, qui est toujours r\u00e9alis\u00e9 de mani\u00e8re efficace, rapide et \u00e0 un prix raisonnable.<\/p><\/blockquote>\n<p><strong>Sandra M.<\/strong><br \/>\nAsisa<\/p>\n","protected":false},"excerpt":{"rendered":"<p>Nous sommes tr\u00e8s satisfaits de votre travail, qui est toujours r\u00e9alis\u00e9 de mani\u00e8re efficace, rapide et \u00e0 un prix raisonnable. Sandra M. Asisa<\/p>\n","protected":false},"author":1,"featured_media":562,"parent":1415,"menu_order":0,"comment_status":"closed","ping_status":"closed","template":"","meta":[],"tags":[81,84,93],"_links":{"self":[{"href":"https:\/\/itechwords.com\/fr\/wp-json\/wp\/v2\/pages\/1418"}],"collection":[{"href":"https:\/\/itechwords.com\/fr\/wp-json\/wp\/v2\/pages"}],"about":[{"href":"https:\/\/itechwords.com\/fr\/wp-json\/wp\/v2\/types\/page"}],"author":[{"embeddable":true,"href":"https:\/\/itechwords.com\/fr\/wp-json\/wp\/v2\/users\/1"}],"replies":[{"embeddable":true,"href":"https:\/\/itechwords.com\/fr\/wp-json\/wp\/v2\/comments?post=1418"}],"version-history":[{"count":0,"href":"https:\/\/itechwords.com\/fr\/wp-json\/wp\/v2\/pages\/1418\/revisions"}],"up":[{"embeddable":true,"href":"https:\/\/itechwords.com\/fr\/wp-json\/wp\/v2\/pages\/1415"}],"wp:featuredmedia":[{"embeddable":true,"href":"https:\/\/itechwords.com\/fr\/wp-json\/wp\/v2\/media\/562"}],"wp:attachment":[{"href":"https:\/\/itechwords.com\/fr\/wp-json\/wp\/v2\/media?parent=1418"}],"wp:term":[{"taxonomy":"post_tag","embeddable":true,"href":"https:\/\/itechwords.com\/fr\/wp-json\/wp\/v2\/tags?post=1418"}],"curies":[{"name":"wp","href":"https:\/\/api.w.org\/{rel}","templated":true}]}}