{"id":1421,"date":"2020-09-22T11:53:44","date_gmt":"2020-09-22T11:53:44","guid":{"rendered":"https:\/\/itechwords.com\/?page_id=1421"},"modified":"2021-03-24T12:26:11","modified_gmt":"2021-03-24T12:26:11","slug":"bmw-motorrad-portugal","status":"publish","type":"page","link":"https:\/\/itechwords.com\/fr\/lentreprise\/clients\/bmw-motorrad-portugal\/","title":{"rendered":"BMW Motorrad Portugal"},"content":{"rendered":"<p>Int\u00e9gr\u00e9 dans le BMW Group, <strong>BMW Motorrad Portugal est la division moto de la marque allemande au Portugal<\/strong>.<br \/>\nElle propose \u00e9galement un grand choix en termes d\u2019accessoires, d\u2019\u00e9quipements pour motards, d\u2019assistance technique et de maintenance, d\u2019\u00e9v\u00e9nements et de voyages.<\/p>\n<p>BMW, l\u2019un des plus grands fabricants de l\u2019industrie automobile en Europe, dispose de 30 unit\u00e9s de production dans 14 pays et d\u2019un r\u00e9seau de ventes dans le monde entier. La marque est le principal fabricant d\u2019automobiles et de motos haut de gamme, alliant qualit\u00e9 maximale et innovation technologique depuis plus d\u2019un si\u00e8cle.<\/p>\n<p>Repr\u00e9sent\u00e9e officiellement au Portugal depuis 2005, elle a r\u00e9guli\u00e8rement besoin de faire appel \u00e0 des services multilingues pour ses communications internes et externes. Tandis que la communication interne pr\u00e9sente un caract\u00e8re plus technique et sp\u00e9cialis\u00e9, la communication externe, essentiellement orient\u00e9e client, exige une plus grande versatilit\u00e9 pour l\u2019adaptation des contenus de marketing sur le march\u00e9 national. Ainsi, la traduction de documents techniques, manuels de formation, contenus Internet, brochures de mod\u00e8les, catalogues d\u2019accessoires et d\u2019\u00e9quipements ou manuels utilisateur, la mise en forme\/PAO et la pr\u00e9paration graphique, le sous-titrage et la voix off de vid\u00e9os, et m\u00eame l\u2019interpr\u00e9tation de l\u2019allemand, de l\u2019anglais et de l\u2019espagnol vers le portugais, sont des projets r\u00e9currents.<\/p>\n<hr \/>\n<h2>D\u00e9fi<\/h2>\n<p>La repr\u00e9sentation officielle de BMW Motorrad au Portugal a pouss\u00e9 le constructeur \u00e0 adopter une communication ajust\u00e9e \u00e0 celle des autres march\u00e9s afin qu\u2019elle soit uniforme partout o\u00f9 il op\u00e8re.<\/p>\n<p>Lors du lancement officiel de la marque au Portugal, nous avons travaill\u00e9 en \u00e9troite collaboration avec la division BMW Motorrad, exclusivement d\u00e9di\u00e9e aux motos, pour la <a href=\"https:\/\/itechwords.com\/fr\/services\/traduction\/\">traduction<\/a> de diff\u00e9rents contenus r\u00e9dig\u00e9s essentiellement en allemand et en anglais.<\/p>\n<p>Le principal d\u00e9fi a \u00e9t\u00e9 de cr\u00e9er une terminologie adapt\u00e9e au segment des motos, la plupart des termes utilis\u00e9s en allemand et en anglais s\u2019appliquant indiff\u00e9remment aux automobiles et aux motos, ce qui n\u2019est pas le cas en portugais. Il nous a donc paru \u00e9vident que l\u2019\u00e9quipe charg\u00e9e de la traduction et de la <a href=\"https:\/\/itechwords.com\/fr\/services\/relecture\/\">relecture<\/a> des contenus devait ma\u00eetriser ces subtilit\u00e9s linguistiques afin de garantir une communication adapt\u00e9e aux textes \u00e0 traduire tout en maintenant la coh\u00e9rence linguistique et en respectant les r\u00e8gles de communication sp\u00e9cifiques de la marque BMW Motorrad.<\/p>\n<hr \/>\n<h2>Solution<\/h2>\n<p>Nous avons cr\u00e9\u00e9 une \u00e9quipe compos\u00e9e de plusieurs <a href=\"https:\/\/itechwords.com\/fr\/services\/traduction\/\">traducteurs<\/a> sp\u00e9cialis\u00e9s travaillant vers leur langue maternelle et d\u2019un <a href=\"https:\/\/itechwords.com\/fr\/services\/relecture\/\">relecteur<\/a>, travaillant \u00e9galement vers sa langue maternelle, afin d\u2019assurer l\u2019uniformisation terminologique des diff\u00e9rents textes.<br \/>\nNous avons \u00e9galement utilis\u00e9 des m\u00e9moires de traduction, <a href=\"https:\/\/itechwords.com\/fr\/lentreprise\/outils\/\">outils<\/a> indispensables pour ce type de projet car elles permettent de recycler des contenus similaires, d\u2019assurer la coh\u00e9rence des phrases et de la terminologie entre les diff\u00e9rents textes, d\u2019augmenter la rapidit\u00e9 de production et, par cons\u00e9quent, de r\u00e9pondre au mieux aux besoins et d\u00e9lais du client.<\/p>\n<hr \/>\n<h2>R\u00e9sultat<\/h2>\n<p>Cette combinaison de moyens humains et d\u2019outils de traduction a permis d\u2019obtenir une qualit\u00e9 et une coh\u00e9rence optimales des diff\u00e9rents contenus, avec cr\u00e9ation d\u2019une terminologie adapt\u00e9e au segment du motocyclisme et respect du guide de style de la marque MW Motorrad pour la communication avec ses clients cibles.<br \/>\nGr\u00e2ce aux solutions de contr\u00f4le qualit\u00e9 avanc\u00e9es fournies par les m\u00e9moires de traduction et au travail du relecteur exclusif, tous les contenus ont \u00e9t\u00e9 uniformis\u00e9s pour offrir une traduction professionnelle et soign\u00e9e, en ligne avec la qualit\u00e9 et le positionnement de la marque BMW Motorrad sur le march\u00e9 portugais.<\/p>\n<hr \/>\n<h2>T\u00e9moignage du client<\/h2>\n<p>La solution pr\u00e9sent\u00e9e et les r\u00e9sultats obtenus nous ont permis de gagner la reconnaissance et la confiance des responsables de la marque sur lesquelles repose ce partenariat solide, comme le montre le t\u00e9moignage suivant\u00a0:<\/p>\n<blockquote><p><em>\u201c Chez <strong>itechwords<\/strong>, nous avons trouv\u00e9 une \u00e9quipe de professionnels d\u00e9di\u00e9s, extr\u00eamement comp\u00e9tents et flexibles, ce qui nous a permis d\u2019\u00e9tablir une relation de partenariat solide et durable. L\u2019engagement et le d\u00e9vouement dont ils font preuve dans chaque projet ainsi que la parfaite adaptation \u00e0 nos produits et la fa\u00e7on de les pr\u00e9senter sur le march\u00e9 ont permis \u00e0 cette entreprise de s\u2019imposer comme l\u2019un des partenaires privil\u00e9gi\u00e9s de BMW Motorrad au Portugal. \u201d<\/em><\/p><\/blockquote>\n<p><strong>Carlos M.,<\/strong><br \/>\nBMW Motorrad Portugal<\/p>\n","protected":false},"excerpt":{"rendered":"<p>Int\u00e9gr\u00e9 dans le BMW Group, BMW Motorrad Portugal est la division moto de la marque allemande au Portugal. Elle propose \u00e9galement un grand choix en termes d\u2019accessoires, d\u2019\u00e9quipements pour motards, d\u2019assistance technique et de maintenance, d\u2019\u00e9v\u00e9nements et de voyages. BMW, l\u2019un des plus grands fabricants de l\u2019industrie automobile en Europe, dispose de 30 unit\u00e9s de [&hellip;]<\/p>\n","protected":false},"author":1,"featured_media":549,"parent":1415,"menu_order":1,"comment_status":"closed","ping_status":"closed","template":"","meta":[],"tags":[77,80,83,87,89,81,90,84,93,94,95,88],"_links":{"self":[{"href":"https:\/\/itechwords.com\/fr\/wp-json\/wp\/v2\/pages\/1421"}],"collection":[{"href":"https:\/\/itechwords.com\/fr\/wp-json\/wp\/v2\/pages"}],"about":[{"href":"https:\/\/itechwords.com\/fr\/wp-json\/wp\/v2\/types\/page"}],"author":[{"embeddable":true,"href":"https:\/\/itechwords.com\/fr\/wp-json\/wp\/v2\/users\/1"}],"replies":[{"embeddable":true,"href":"https:\/\/itechwords.com\/fr\/wp-json\/wp\/v2\/comments?post=1421"}],"version-history":[{"count":1,"href":"https:\/\/itechwords.com\/fr\/wp-json\/wp\/v2\/pages\/1421\/revisions"}],"predecessor-version":[{"id":2274,"href":"https:\/\/itechwords.com\/fr\/wp-json\/wp\/v2\/pages\/1421\/revisions\/2274"}],"up":[{"embeddable":true,"href":"https:\/\/itechwords.com\/fr\/wp-json\/wp\/v2\/pages\/1415"}],"wp:featuredmedia":[{"embeddable":true,"href":"https:\/\/itechwords.com\/fr\/wp-json\/wp\/v2\/media\/549"}],"wp:attachment":[{"href":"https:\/\/itechwords.com\/fr\/wp-json\/wp\/v2\/media?parent=1421"}],"wp:term":[{"taxonomy":"post_tag","embeddable":true,"href":"https:\/\/itechwords.com\/fr\/wp-json\/wp\/v2\/tags?post=1421"}],"curies":[{"name":"wp","href":"https:\/\/api.w.org\/{rel}","templated":true}]}}