{"id":1424,"date":"2020-09-22T11:55:08","date_gmt":"2020-09-22T11:55:08","guid":{"rendered":"https:\/\/itechwords.com\/?page_id=1424"},"modified":"2020-09-23T00:05:47","modified_gmt":"2020-09-23T00:05:47","slug":"citro-boxer-garage","status":"publish","type":"page","link":"https:\/\/itechwords.com\/fr\/lentreprise\/clients\/citro-boxer-garage\/","title":{"rendered":"Citro Boxer Garage"},"content":{"rendered":"<blockquote><p><strong>Itechwords<\/strong> est notre partenaire depuis le lancement de notre activit\u00e9. Ils sont toujours disponibles, quel que soit le type de demande\u00a0: gestion des r\u00e9seaux sociaux, traduction de communications internes et internationales, et par-dessus tout, traductions techniques de premier ordre et d\u2019une rare qualit\u00e9. Une \u00e9quipe avec un esprit jeune, rapide lorsque cela est n\u00e9cessaire et qui \u00e9tablit des relations \u00e9troites avec ses clients.<\/p><\/blockquote>\n<p><strong>Vitor P.<br \/>\n<\/strong>Citro Boxer Garage<strong><br \/>\n<\/strong><\/p>\n","protected":false},"excerpt":{"rendered":"<p>Itechwords est notre partenaire depuis le lancement de notre activit\u00e9. Ils sont toujours disponibles, quel que soit le type de demande\u00a0: gestion des r\u00e9seaux sociaux, traduction de communications internes et internationales, et par-dessus tout, traductions techniques de premier ordre et d\u2019une rare qualit\u00e9. Une \u00e9quipe avec un esprit jeune, rapide lorsque cela est n\u00e9cessaire et [&hellip;]<\/p>\n","protected":false},"author":1,"featured_media":560,"parent":1415,"menu_order":2,"comment_status":"closed","ping_status":"closed","template":"","meta":[],"tags":[77,80,89,82,93],"_links":{"self":[{"href":"https:\/\/itechwords.com\/fr\/wp-json\/wp\/v2\/pages\/1424"}],"collection":[{"href":"https:\/\/itechwords.com\/fr\/wp-json\/wp\/v2\/pages"}],"about":[{"href":"https:\/\/itechwords.com\/fr\/wp-json\/wp\/v2\/types\/page"}],"author":[{"embeddable":true,"href":"https:\/\/itechwords.com\/fr\/wp-json\/wp\/v2\/users\/1"}],"replies":[{"embeddable":true,"href":"https:\/\/itechwords.com\/fr\/wp-json\/wp\/v2\/comments?post=1424"}],"version-history":[{"count":0,"href":"https:\/\/itechwords.com\/fr\/wp-json\/wp\/v2\/pages\/1424\/revisions"}],"up":[{"embeddable":true,"href":"https:\/\/itechwords.com\/fr\/wp-json\/wp\/v2\/pages\/1415"}],"wp:featuredmedia":[{"embeddable":true,"href":"https:\/\/itechwords.com\/fr\/wp-json\/wp\/v2\/media\/560"}],"wp:attachment":[{"href":"https:\/\/itechwords.com\/fr\/wp-json\/wp\/v2\/media?parent=1424"}],"wp:term":[{"taxonomy":"post_tag","embeddable":true,"href":"https:\/\/itechwords.com\/fr\/wp-json\/wp\/v2\/tags?post=1424"}],"curies":[{"name":"wp","href":"https:\/\/api.w.org\/{rel}","templated":true}]}}