{"id":1430,"date":"2020-09-22T11:55:30","date_gmt":"2020-09-22T11:55:30","guid":{"rendered":"https:\/\/itechwords.com\/?page_id=1430"},"modified":"2020-09-23T00:11:58","modified_gmt":"2020-09-23T00:11:58","slug":"influenza-r","status":"publish","type":"page","link":"https:\/\/itechwords.com\/fr\/lentreprise\/clients\/influenza-r\/","title":{"rendered":"Influenza r"},"content":{"rendered":"<blockquote><p>Influenza r s\u2019adresse toujours \u00e0 <strong>itechwords<\/strong> pour ses besoins en mati\u00e8re de traduction et de sous-titrage. Nous avons pleinement confiance en son agilit\u00e9 et en son professionnalisme. Notre partenariat est n\u00e9 il y a pr\u00e8s de 2 ans, et il va encore durer de nombreuses ann\u00e9es.<\/p><\/blockquote>\n<p><strong>Jorge R.<\/strong><br \/>\nInfluenza r<\/p>\n","protected":false},"excerpt":{"rendered":"<p>Influenza r s\u2019adresse toujours \u00e0 itechwords pour ses besoins en mati\u00e8re de traduction et de sous-titrage. Nous avons pleinement confiance en son agilit\u00e9 et en son professionnalisme. Notre partenariat est n\u00e9 il y a pr\u00e8s de 2 ans, et il va encore durer de nombreuses ann\u00e9es. Jorge R. Influenza r<\/p>\n","protected":false},"author":1,"featured_media":570,"parent":1415,"menu_order":5,"comment_status":"closed","ping_status":"closed","template":"","meta":[],"tags":[89,84,93],"_links":{"self":[{"href":"https:\/\/itechwords.com\/fr\/wp-json\/wp\/v2\/pages\/1430"}],"collection":[{"href":"https:\/\/itechwords.com\/fr\/wp-json\/wp\/v2\/pages"}],"about":[{"href":"https:\/\/itechwords.com\/fr\/wp-json\/wp\/v2\/types\/page"}],"author":[{"embeddable":true,"href":"https:\/\/itechwords.com\/fr\/wp-json\/wp\/v2\/users\/1"}],"replies":[{"embeddable":true,"href":"https:\/\/itechwords.com\/fr\/wp-json\/wp\/v2\/comments?post=1430"}],"version-history":[{"count":0,"href":"https:\/\/itechwords.com\/fr\/wp-json\/wp\/v2\/pages\/1430\/revisions"}],"up":[{"embeddable":true,"href":"https:\/\/itechwords.com\/fr\/wp-json\/wp\/v2\/pages\/1415"}],"wp:featuredmedia":[{"embeddable":true,"href":"https:\/\/itechwords.com\/fr\/wp-json\/wp\/v2\/media\/570"}],"wp:attachment":[{"href":"https:\/\/itechwords.com\/fr\/wp-json\/wp\/v2\/media?parent=1430"}],"wp:term":[{"taxonomy":"post_tag","embeddable":true,"href":"https:\/\/itechwords.com\/fr\/wp-json\/wp\/v2\/tags?post=1430"}],"curies":[{"name":"wp","href":"https:\/\/api.w.org\/{rel}","templated":true}]}}