{"id":1433,"date":"2020-09-22T11:55:40","date_gmt":"2020-09-22T11:55:40","guid":{"rendered":"https:\/\/itechwords.com\/?page_id=1433"},"modified":"2020-09-23T00:08:04","modified_gmt":"2020-09-23T00:08:04","slug":"island-nation","status":"publish","type":"page","link":"https:\/\/itechwords.com\/fr\/lentreprise\/clients\/island-nation\/","title":{"rendered":"Island Nation"},"content":{"rendered":"<blockquote><p><strong>itechwords<\/strong> est une entreprise avec laquelle il est tr\u00e8s agr\u00e9able de travailler. Rapidit\u00e9, pr\u00e9cision et excellente communication sont les qualit\u00e9s qui la caract\u00e9risent. Je ne pourrais pas avoir de meilleur partenaire pour la localisation.<\/p><\/blockquote>\n<p><strong>Thomas H.<br \/>\n<\/strong>Island Nation<strong><br \/>\n<\/strong><\/p>\n","protected":false},"excerpt":{"rendered":"<p>itechwords est une entreprise avec laquelle il est tr\u00e8s agr\u00e9able de travailler. Rapidit\u00e9, pr\u00e9cision et excellente communication sont les qualit\u00e9s qui la caract\u00e9risent. Je ne pourrais pas avoir de meilleur partenaire pour la localisation. Thomas H. Island Nation<\/p>\n","protected":false},"author":1,"featured_media":0,"parent":1415,"menu_order":6,"comment_status":"closed","ping_status":"closed","template":"","meta":[],"tags":[87,92],"_links":{"self":[{"href":"https:\/\/itechwords.com\/fr\/wp-json\/wp\/v2\/pages\/1433"}],"collection":[{"href":"https:\/\/itechwords.com\/fr\/wp-json\/wp\/v2\/pages"}],"about":[{"href":"https:\/\/itechwords.com\/fr\/wp-json\/wp\/v2\/types\/page"}],"author":[{"embeddable":true,"href":"https:\/\/itechwords.com\/fr\/wp-json\/wp\/v2\/users\/1"}],"replies":[{"embeddable":true,"href":"https:\/\/itechwords.com\/fr\/wp-json\/wp\/v2\/comments?post=1433"}],"version-history":[{"count":0,"href":"https:\/\/itechwords.com\/fr\/wp-json\/wp\/v2\/pages\/1433\/revisions"}],"up":[{"embeddable":true,"href":"https:\/\/itechwords.com\/fr\/wp-json\/wp\/v2\/pages\/1415"}],"wp:attachment":[{"href":"https:\/\/itechwords.com\/fr\/wp-json\/wp\/v2\/media?parent=1433"}],"wp:term":[{"taxonomy":"post_tag","embeddable":true,"href":"https:\/\/itechwords.com\/fr\/wp-json\/wp\/v2\/tags?post=1433"}],"curies":[{"name":"wp","href":"https:\/\/api.w.org\/{rel}","templated":true}]}}