{"id":1439,"date":"2020-09-22T11:56:02","date_gmt":"2020-09-22T11:56:02","guid":{"rendered":"https:\/\/itechwords.com\/?page_id=1439"},"modified":"2020-09-23T00:11:15","modified_gmt":"2020-09-23T00:11:15","slug":"normajean","status":"publish","type":"page","link":"https:\/\/itechwords.com\/fr\/lentreprise\/clients\/normajean\/","title":{"rendered":"Normajean"},"content":{"rendered":"<blockquote><p>Gr\u00e2ce \u00e0 cette \u00e9quipe rapide, solide et professionnelle, tout se passe toujours au mieux.<\/p><\/blockquote>\n<p><strong>Carolina M.<\/strong><br \/>\nNormajean<\/p>\n","protected":false},"excerpt":{"rendered":"<p>Gr\u00e2ce \u00e0 cette \u00e9quipe rapide, solide et professionnelle, tout se passe toujours au mieux. Carolina M. Normajean<\/p>\n","protected":false},"author":1,"featured_media":536,"parent":1415,"menu_order":8,"comment_status":"closed","ping_status":"closed","template":"","meta":[],"tags":[89,81,84,93,94],"_links":{"self":[{"href":"https:\/\/itechwords.com\/fr\/wp-json\/wp\/v2\/pages\/1439"}],"collection":[{"href":"https:\/\/itechwords.com\/fr\/wp-json\/wp\/v2\/pages"}],"about":[{"href":"https:\/\/itechwords.com\/fr\/wp-json\/wp\/v2\/types\/page"}],"author":[{"embeddable":true,"href":"https:\/\/itechwords.com\/fr\/wp-json\/wp\/v2\/users\/1"}],"replies":[{"embeddable":true,"href":"https:\/\/itechwords.com\/fr\/wp-json\/wp\/v2\/comments?post=1439"}],"version-history":[{"count":0,"href":"https:\/\/itechwords.com\/fr\/wp-json\/wp\/v2\/pages\/1439\/revisions"}],"up":[{"embeddable":true,"href":"https:\/\/itechwords.com\/fr\/wp-json\/wp\/v2\/pages\/1415"}],"wp:featuredmedia":[{"embeddable":true,"href":"https:\/\/itechwords.com\/fr\/wp-json\/wp\/v2\/media\/536"}],"wp:attachment":[{"href":"https:\/\/itechwords.com\/fr\/wp-json\/wp\/v2\/media?parent=1439"}],"wp:term":[{"taxonomy":"post_tag","embeddable":true,"href":"https:\/\/itechwords.com\/fr\/wp-json\/wp\/v2\/tags?post=1439"}],"curies":[{"name":"wp","href":"https:\/\/api.w.org\/{rel}","templated":true}]}}