{"id":1454,"date":"2020-09-22T13:33:16","date_gmt":"2020-09-22T13:33:16","guid":{"rendered":"https:\/\/itechwords.com\/?page_id=1454"},"modified":"2020-09-23T00:41:14","modified_gmt":"2020-09-23T00:41:14","slug":"demander-devis","status":"publish","type":"page","link":"https:\/\/itechwords.com\/fr\/coordonnees\/demander-devis\/","title":{"rendered":"Demander devis"},"content":{"rendered":"<p>Compl\u00e9tez notre formulaire de devis et nous vous indiquerons les meilleurs prix et d\u00e9lai de r\u00e9alisation pour le service que vous souhaitez.<\/p>\n<p>Si vous ne recevez pas une r\u00e9ponse dans l\u2019heure qui suit, nous vous invitons \u00e0 nous contacter par t\u00e9l\u00e9phone.<\/p>\n<h4><em>Conseils\u00a0:<\/em><\/h4>\n<ul>\n<li>Pour choisir plusieurs options dans les champs \u00ab\u00a0Services\u00a0\u00bb, \u00ab\u00a0Langues\u00a0\u00bb et \u00ab\u00a0Formats\u00a0\u00bb, vous pouvez utiliser les touches Ctrl+clic (Windows) ou Cmd+clic (MacOS).<\/li>\n<li>Si vous voulez nous envoyer des fichiers de plus de 5\u00a0MO, veuillez utiliser notre page \u00ab\u00a0<a href=\"http:\/\/env\">Envoyer fichier<\/a>\u00a0\u00bb.<\/li>\n<li>* &#8211; Champs obligatoires.<\/li>\n<\/ul>\n<hr \/>\n<blockquote><p>Chez\u00a0<strong>itechwords<\/strong>, nous avons trouv\u00e9 une \u00e9quipe de professionnels d\u00e9di\u00e9s, extr\u00eamement comp\u00e9tents et flexibles, ce qui nous a permis d\u2019\u00e9tablir une relation de partenariat solide et durable. L\u2019engagement et le d\u00e9vouement dont ils font preuve dans chaque projet ainsi que la parfaite adaptation \u00e0 nos produits et la fa\u00e7on de les pr\u00e9senter sur le march\u00e9 ont permis \u00e0 cette entreprise de s\u2019imposer comme l\u2019un des partenaires privil\u00e9gi\u00e9s de BMW Motorrad au Portugal.<\/p><\/blockquote>\n<p><strong>Carlos M.<\/strong><br \/>\nBMW Motorrad Portugal<\/p>\n<blockquote><p><strong>Itechwords<\/strong> est notre partenaire depuis le lancement de notre activit\u00e9. Ils sont toujours disponibles, quel que soit le type de demande : gestion des r\u00e9seaux sociaux, traduction de communications internes et internationales, et par-dessus tout, traductions techniques de premier ordre et d\u2019une rare qualit\u00e9. Une \u00e9quipe avec un esprit jeune, rapide lorsque cela est n\u00e9cessaire et qui \u00e9tablit des relations \u00e9troites avec ses clients.<\/p><\/blockquote>\n<p><strong>Vitor P.<br \/>\n<\/strong>Citro Boxer Garage<\/p>\n<blockquote><p>Influenza r s\u2019adresse toujours \u00e0 <strong>itechwords<\/strong> pour ses besoins en mati\u00e8re de traduction et de sous-titrage. Nous avons pleinement confiance en son agilit\u00e9 et en son professionnalisme. Notre partenariat est n\u00e9 il y a pr\u00e8s de 2 ans, et il va encore durer de nombreuses ann\u00e9es.<\/p><\/blockquote>\n<p><strong>Jorge R.<\/strong><br \/>\nInfluenza r<\/p>\n<blockquote><p><strong>Itechwords<\/strong> est une entreprise avec laquelle il est tr\u00e8s agr\u00e9able de travailler. Rapidit\u00e9, pr\u00e9cision et excellente communication sont les qualit\u00e9s qui la caract\u00e9risent. Je ne pourrais pas avoir de meilleur partenaire pour la localisation.<\/p><\/blockquote>\n<p><strong>Thomas H.<br \/>\n<\/strong>Island Nation<strong><br \/>\n<\/strong><\/p>\n<blockquote><p>Notre collaboration avec l\u2019entreprise <strong>itechwords<\/strong> pour le Lisbon Motorcycle Film Fest a \u00e9t\u00e9 ind\u00e9niablement fructueuse. Si lors de la premi\u00e8re \u00e9dition, il nous a \u00e9t\u00e9 impossible de pr\u00e9senter tous les films traduits et sous-titr\u00e9s, nous avons pu rem\u00e9dier \u00e0 cette lacune lors de l\u2019\u00e9dition suivante, ce qui a fortement valoris\u00e9 l\u2019\u00e9v\u00e8nement et renforc\u00e9 sa qualit\u00e9. Soulignons que les plus de 20 films sous-titr\u00e9s par <strong>itechwords<\/strong> pr\u00e9sentaient un langage tr\u00e8s technique et que le vocabulaire de l\u2019univers des motos est particulier, autant de difficult\u00e9s qu\u2019<strong>itechwords<\/strong> a r\u00e9ussi \u00e0 surmonter avec brio. Cette synergie avec <strong>itechwords<\/strong> repr\u00e9sente un atout ind\u00e9niable pour le Lisbon Motorcycle Film Fest, et nous esp\u00e9rons la renouveler lors des prochaines \u00e9ditions.<\/p><\/blockquote>\n<p><strong>Organisation du Lisbon Motorcycle Film Fest<\/strong><\/p>\n","protected":false},"excerpt":{"rendered":"<p>Compl\u00e9tez notre formulaire de devis et nous vous indiquerons les meilleurs prix et d\u00e9lai de r\u00e9alisation pour le service que vous souhaitez. Si vous ne recevez pas une r\u00e9ponse dans l\u2019heure qui suit, nous vous invitons \u00e0 nous contacter par t\u00e9l\u00e9phone. Conseils\u00a0: Pour choisir plusieurs options dans les champs \u00ab\u00a0Services\u00a0\u00bb, \u00ab\u00a0Langues\u00a0\u00bb et \u00ab\u00a0Formats\u00a0\u00bb, vous pouvez [&hellip;]<\/p>\n","protected":false},"author":1,"featured_media":0,"parent":1451,"menu_order":0,"comment_status":"closed","ping_status":"closed","template":"","meta":[],"tags":[],"_links":{"self":[{"href":"https:\/\/itechwords.com\/fr\/wp-json\/wp\/v2\/pages\/1454"}],"collection":[{"href":"https:\/\/itechwords.com\/fr\/wp-json\/wp\/v2\/pages"}],"about":[{"href":"https:\/\/itechwords.com\/fr\/wp-json\/wp\/v2\/types\/page"}],"author":[{"embeddable":true,"href":"https:\/\/itechwords.com\/fr\/wp-json\/wp\/v2\/users\/1"}],"replies":[{"embeddable":true,"href":"https:\/\/itechwords.com\/fr\/wp-json\/wp\/v2\/comments?post=1454"}],"version-history":[{"count":0,"href":"https:\/\/itechwords.com\/fr\/wp-json\/wp\/v2\/pages\/1454\/revisions"}],"up":[{"embeddable":true,"href":"https:\/\/itechwords.com\/fr\/wp-json\/wp\/v2\/pages\/1451"}],"wp:attachment":[{"href":"https:\/\/itechwords.com\/fr\/wp-json\/wp\/v2\/media?parent=1454"}],"wp:term":[{"taxonomy":"post_tag","embeddable":true,"href":"https:\/\/itechwords.com\/fr\/wp-json\/wp\/v2\/tags?post=1454"}],"curies":[{"name":"wp","href":"https:\/\/api.w.org\/{rel}","templated":true}]}}