{"id":799,"date":"2020-09-01T13:10:12","date_gmt":"2020-09-01T13:10:12","guid":{"rendered":"https:\/\/itechwords.com\/?page_id=799"},"modified":"2020-10-05T15:20:32","modified_gmt":"2020-10-05T15:20:32","slug":"itechwords-empresa-de-traducao","status":"publish","type":"page","link":"https:\/\/itechwords.com\/fr\/","title":{"rendered":"iTechWords &#8211; Entreprise de traduction"},"content":{"rendered":"<p>Entreprise de traduction, relecture, sous-titrage, voix off, localisation et interpr\u00e9tation, avec traducteurs \u00e0 Lisbonne, Portugal. Depuis plus de 20 ans, nous fournissons des <a href=\"https:\/\/itechwords.com\/fr\/services\/\">services linguistiques<\/a> \u00e0 des entreprises des plus grandes <a href=\"https:\/\/itechwords.com\/fr\/industries\/\">industries<\/a> de l\u2019\u00e9conomie mondiale.<\/p>\n","protected":false},"excerpt":{"rendered":"<p>Entreprise de traduction, relecture, sous-titrage, voix off, localisation et interpr\u00e9tation, avec traducteurs \u00e0 Lisbonne, Portugal. Depuis plus de 20 ans, nous fournissons des services linguistiques \u00e0 des entreprises des plus grandes industries de l\u2019\u00e9conomie mondiale.<\/p>\n","protected":false},"author":1,"featured_media":0,"parent":0,"menu_order":0,"comment_status":"closed","ping_status":"closed","template":"page-templates\/homepage.php","meta":[],"tags":[],"_links":{"self":[{"href":"https:\/\/itechwords.com\/fr\/wp-json\/wp\/v2\/pages\/799"}],"collection":[{"href":"https:\/\/itechwords.com\/fr\/wp-json\/wp\/v2\/pages"}],"about":[{"href":"https:\/\/itechwords.com\/fr\/wp-json\/wp\/v2\/types\/page"}],"author":[{"embeddable":true,"href":"https:\/\/itechwords.com\/fr\/wp-json\/wp\/v2\/users\/1"}],"replies":[{"embeddable":true,"href":"https:\/\/itechwords.com\/fr\/wp-json\/wp\/v2\/comments?post=799"}],"version-history":[{"count":3,"href":"https:\/\/itechwords.com\/fr\/wp-json\/wp\/v2\/pages\/799\/revisions"}],"predecessor-version":[{"id":2062,"href":"https:\/\/itechwords.com\/fr\/wp-json\/wp\/v2\/pages\/799\/revisions\/2062"}],"wp:attachment":[{"href":"https:\/\/itechwords.com\/fr\/wp-json\/wp\/v2\/media?parent=799"}],"wp:term":[{"taxonomy":"post_tag","embeddable":true,"href":"https:\/\/itechwords.com\/fr\/wp-json\/wp\/v2\/tags?post=799"}],"curies":[{"name":"wp","href":"https:\/\/api.w.org\/{rel}","templated":true}]}}